{"id":47433,"date":"2023-02-14T21:35:04","date_gmt":"2023-02-14T21:35:04","guid":{"rendered":"https:\/\/herramientaspormayor.cl\/index.php\/product\/set-remachadora-de-tuerca-11-3-en-1-hoteche-cod-160811\/"},"modified":"2024-09-17T16:32:29","modified_gmt":"2024-09-17T16:32:29","slug":"set-remachadora-de-tuerca-11-3-en-1-hoteche-cod-160811","status":"publish","type":"product","link":"https:\/\/herramientaspormayor.cl\/index.php\/product\/set-remachadora-de-tuerca-11-3-en-1-hoteche-cod-160811\/","title":{"rendered":"SET REMACHADORA DE TUERCA 11&#8243; 3 EN 1 HOTECHE"},"content":{"rendered":"<p style=\"text-align: center;\">\u00a0 \u00a0 \u00a0 \u00a0 \u00a0 \u00a0 \u00a0 \u00a0 \u00a0 \u00a0 \u00a0 \u00a0 \u00a0 \u00a0 \u00a0 \u00a0 \u00a0 \u00a0 \u00a0 \u00a0 \u00a0 \u00a0 \u00a0 \u00a0 \u00a0 \u00a0 \u00a0 \u00a0 \u00a0 \u00a0 \u00a0 \u00a0 \u00a0 \u00a0 \u00a0 \u00a0 \u00a0 \u00a0 \u00a0 \u00a0 \u00a0 \u00a0 \u00a0 \u00a0 \u00a0 \u00a0 \u00a0 \u00a0 \u00a0 \u00a0&#8211; La herramienta est\u00e1 hecha de aleaci\u00f3n de acero y tratada t\u00e9rmicamente.\u00a0 \u00a0 \u00a0 \u00a0 \u00a0 \u00a0 \u00a0 \u00a0 \u00a0 \u00a0 \u00a0 \u00a0 \u00a0 \u00a0 \u00a0 \u00a0 \u00a0 \u00a0 \u00a0 \u00a0 \u00a0 \u00a0 \u00a0 \u00a0 \u00a0 \u00a0 \u00a0 \u00a0 \u00a0 \u00a0 \u00a0 \u00a0 \u00a0 \u00a0 \u00a0 \u00a0 \u00a0 \u00a0 \u00a0 \u00a0 \u00a0 \u00a0 \u00a0 \u00a0 \u00a0 \u00a0 \u00a0 \u00a0 \u00a0 \u00a0 \u00a0 \u00a0 \u00a0 \u00a0 \u00a0 \u00a0 \u00a0 \u00a0 \u00a0 \u00a0 \u00a0 \u00a0 \u00a0 \u00a0 \u00a0 \u00a0 \u00a0 \u00a0 \u00a0 \u00a0 \u00a0 \u00a0 \u00a0 \u00a0 La excelente estructura de dise\u00f1o y los materiales duros prolongan la vida \u00fatil, conserv\u00e1ndose en su estuche de pl\u00e1stico ABS.<br \/>\n&#8211; El dise\u00f1o del cabezal de cambio r\u00e1pido sin herramientas facilita cambiar los mandriles y las piezas de r\u00e1pidamente sin la necesidad de herramientas adicionales, facilita su proyecto y ahorra mucho tiempo.<br \/>\n&#8211; Dise\u00f1o ergon\u00f3mico: el brazo largo ergon\u00f3mico y el mango de goma ofrecen suficiente fuerza para remachar f\u00e1cilmente la tuerca sin ninguna molestia innecesaria.<br \/>\n&#8211; Amplia aplicaci\u00f3n: proporciona una soluci\u00f3n de cierre personalizada para amplias aplicaciones de remachado,\u00a0 \u00a0 como paneles de carrocer\u00eda, accesorios de bicicleta, muebles y decoraciones, modificaciones\u00a0 todoterreno\/Jeep, entre otros.<br \/>\n&#8211; M\u00faltiples accesorios completos con 7 mandriles intercambiables (sistema m\u00e9trico M3 M4 M5 M6 M8 M10 M12) y 100 piezas de tuercas de remache.<br \/>\n&#8211; 1 x Herramienta remachadora de tuercas.<br \/>\n&#8211; 1 x Llave.<br \/>\n&#8211; 7 x Mandriles intercambiable (Sistema m\u00e9trico M3 M4 M5 M6 M8 M10 M12).<br \/>\n&#8211; 20 x Tuercas de remache M3.<br \/>\n&#8211; 20 x Tuercas de remache M4.<br \/>\n&#8211; 20 x Tuercas de remache M5.<br \/>\n&#8211; 10 x Tuercas de remache M6.<br \/>\n&#8211; 10 x Tuercas de remache M8.<br \/>\n&#8211; 10 x Tuercas de remache M10.<br \/>\n&#8211; 10 x Tuercas de remache M12.<br \/>\n&#8211; 1 x Estuche pl\u00e1stico transportable.<\/p>\n","protected":false},"excerpt":{"rendered":"<p>\u00a0 \u00a0 \u00a0 \u00a0 \u00a0 \u00a0 \u00a0 \u00a0 \u00a0 \u00a0 \u00a0 \u00a0 \u00a0 \u00a0 \u00a0 \u00a0 \u00a0 \u00a0 \u00a0 \u00a0<\/p>\n","protected":false},"featured_media":46278,"comment_status":"closed","ping_status":"closed","template":"","meta":[],"product_cat":[248],"product_tag":[],"yoast_head":"<!-- This site is optimized with the Yoast SEO Premium plugin v19.6 (Yoast SEO v19.12) - https:\/\/yoast.com\/wordpress\/plugins\/seo\/ -->\n<title>SET REMACHADORA DE TUERCA 11&quot; 3 EN 1 HOTECHE | Herramientas por mayor<\/title>\n<meta name=\"robots\" content=\"index, follow, max-snippet:-1, max-image-preview:large, max-video-preview:-1\" \/>\n<link rel=\"canonical\" href=\"https:\/\/herramientaspormayor.cl\/index.php\/product\/set-remachadora-de-tuerca-11-3-en-1-hoteche-cod-160811\/\" \/>\n<meta property=\"og:locale\" content=\"es_ES\" \/>\n<meta property=\"og:type\" content=\"article\" \/>\n<meta property=\"og:title\" content=\"SET REMACHADORA DE TUERCA 11&quot; 3 EN 1 HOTECHE\" \/>\n<meta property=\"og:description\" content=\"\u00a0 \u00a0 \u00a0 \u00a0 \u00a0 \u00a0 \u00a0 \u00a0 \u00a0 \u00a0 \u00a0 \u00a0 \u00a0 \u00a0 \u00a0 \u00a0 \u00a0 \u00a0 \u00a0 \u00a0\" \/>\n<meta property=\"og:url\" content=\"https:\/\/herramientaspormayor.cl\/index.php\/product\/set-remachadora-de-tuerca-11-3-en-1-hoteche-cod-160811\/\" \/>\n<meta property=\"og:site_name\" content=\"Herramientas por mayor\" \/>\n<meta property=\"article:modified_time\" content=\"2024-09-17T16:32:29+00:00\" \/>\n<meta property=\"og:image\" content=\"https:\/\/herramientaspormayor.cl\/wp-content\/uploads\/2023\/02\/160811.jpg\" \/>\n\t<meta property=\"og:image:width\" content=\"640\" \/>\n\t<meta property=\"og:image:height\" content=\"640\" \/>\n\t<meta property=\"og:image:type\" content=\"image\/jpeg\" \/>\n<meta name=\"twitter:card\" content=\"summary_large_image\" \/>\n<meta name=\"twitter:label1\" content=\"Tiempo de lectura\" \/>\n\t<meta name=\"twitter:data1\" content=\"1 minuto\" \/>\n<script type=\"application\/ld+json\" class=\"yoast-schema-graph\">{\"@context\":\"https:\/\/schema.org\",\"@graph\":[{\"@type\":\"WebPage\",\"@id\":\"https:\/\/herramientaspormayor.cl\/index.php\/product\/set-remachadora-de-tuerca-11-3-en-1-hoteche-cod-160811\/\",\"url\":\"https:\/\/herramientaspormayor.cl\/index.php\/product\/set-remachadora-de-tuerca-11-3-en-1-hoteche-cod-160811\/\",\"name\":\"SET REMACHADORA DE TUERCA 11\\\" 3 EN 1 HOTECHE | Herramientas por mayor\",\"isPartOf\":{\"@id\":\"https:\/\/herramientaspormayor.cl\/#website\"},\"datePublished\":\"2023-02-14T21:35:04+00:00\",\"dateModified\":\"2024-09-17T16:32:29+00:00\",\"breadcrumb\":{\"@id\":\"https:\/\/herramientaspormayor.cl\/index.php\/product\/set-remachadora-de-tuerca-11-3-en-1-hoteche-cod-160811\/#breadcrumb\"},\"inLanguage\":\"es\",\"potentialAction\":[{\"@type\":\"ReadAction\",\"target\":[\"https:\/\/herramientaspormayor.cl\/index.php\/product\/set-remachadora-de-tuerca-11-3-en-1-hoteche-cod-160811\/\"]}]},{\"@type\":\"BreadcrumbList\",\"@id\":\"https:\/\/herramientaspormayor.cl\/index.php\/product\/set-remachadora-de-tuerca-11-3-en-1-hoteche-cod-160811\/#breadcrumb\",\"itemListElement\":[{\"@type\":\"ListItem\",\"position\":1,\"name\":\"Home\",\"item\":\"https:\/\/herramientaspormayor.cl\/\"},{\"@type\":\"ListItem\",\"position\":2,\"name\":\"Tienda\",\"item\":\"https:\/\/herramientaspormayor.cl\/index.php\/shop-default\/\"},{\"@type\":\"ListItem\",\"position\":3,\"name\":\"SET REMACHADORA DE TUERCA 11&#8243; 3 EN 1 HOTECHE\"}]},{\"@type\":\"WebSite\",\"@id\":\"https:\/\/herramientaspormayor.cl\/#website\",\"url\":\"https:\/\/herramientaspormayor.cl\/\",\"name\":\"Herramientas por mayor\",\"description\":\"Proveedores de herramientas por mayor en chile.\",\"publisher\":{\"@id\":\"https:\/\/herramientaspormayor.cl\/#organization\"},\"alternateName\":\"Ferreter\u00eda por mayor\",\"potentialAction\":[{\"@type\":\"SearchAction\",\"target\":{\"@type\":\"EntryPoint\",\"urlTemplate\":\"https:\/\/herramientaspormayor.cl\/?s={search_term_string}\"},\"query-input\":\"required name=search_term_string\"}],\"inLanguage\":\"es\"},{\"@type\":\"Organization\",\"@id\":\"https:\/\/herramientaspormayor.cl\/#organization\",\"name\":\"Herramientas por mayor\",\"url\":\"https:\/\/herramientaspormayor.cl\/\",\"logo\":{\"@type\":\"ImageObject\",\"inLanguage\":\"es\",\"@id\":\"https:\/\/herramientaspormayor.cl\/#\/schema\/logo\/image\/\",\"url\":\"https:\/\/herramientaspormayor.cl\/wp-content\/uploads\/2023\/01\/Logo-proind-1.jpg\",\"contentUrl\":\"https:\/\/herramientaspormayor.cl\/wp-content\/uploads\/2023\/01\/Logo-proind-1.jpg\",\"width\":400,\"height\":180,\"caption\":\"Herramientas por mayor\"},\"image\":{\"@id\":\"https:\/\/herramientaspormayor.cl\/#\/schema\/logo\/image\/\"}}]}<\/script>\n<!-- \/ Yoast SEO Premium plugin. -->","yoast_head_json":{"title":"SET REMACHADORA DE TUERCA 11\" 3 EN 1 HOTECHE | Herramientas por mayor","robots":{"index":"index","follow":"follow","max-snippet":"max-snippet:-1","max-image-preview":"max-image-preview:large","max-video-preview":"max-video-preview:-1"},"canonical":"https:\/\/herramientaspormayor.cl\/index.php\/product\/set-remachadora-de-tuerca-11-3-en-1-hoteche-cod-160811\/","og_locale":"es_ES","og_type":"article","og_title":"SET REMACHADORA DE TUERCA 11\" 3 EN 1 HOTECHE","og_description":"\u00a0 \u00a0 \u00a0 \u00a0 \u00a0 \u00a0 \u00a0 \u00a0 \u00a0 \u00a0 \u00a0 \u00a0 \u00a0 \u00a0 \u00a0 \u00a0 \u00a0 \u00a0 \u00a0 \u00a0","og_url":"https:\/\/herramientaspormayor.cl\/index.php\/product\/set-remachadora-de-tuerca-11-3-en-1-hoteche-cod-160811\/","og_site_name":"Herramientas por mayor","article_modified_time":"2024-09-17T16:32:29+00:00","og_image":[{"width":640,"height":640,"url":"https:\/\/herramientaspormayor.cl\/wp-content\/uploads\/2023\/02\/160811.jpg","type":"image\/jpeg"}],"twitter_card":"summary_large_image","twitter_misc":{"Tiempo de lectura":"1 minuto"},"schema":{"@context":"https:\/\/schema.org","@graph":[{"@type":"WebPage","@id":"https:\/\/herramientaspormayor.cl\/index.php\/product\/set-remachadora-de-tuerca-11-3-en-1-hoteche-cod-160811\/","url":"https:\/\/herramientaspormayor.cl\/index.php\/product\/set-remachadora-de-tuerca-11-3-en-1-hoteche-cod-160811\/","name":"SET REMACHADORA DE TUERCA 11\" 3 EN 1 HOTECHE | Herramientas por mayor","isPartOf":{"@id":"https:\/\/herramientaspormayor.cl\/#website"},"datePublished":"2023-02-14T21:35:04+00:00","dateModified":"2024-09-17T16:32:29+00:00","breadcrumb":{"@id":"https:\/\/herramientaspormayor.cl\/index.php\/product\/set-remachadora-de-tuerca-11-3-en-1-hoteche-cod-160811\/#breadcrumb"},"inLanguage":"es","potentialAction":[{"@type":"ReadAction","target":["https:\/\/herramientaspormayor.cl\/index.php\/product\/set-remachadora-de-tuerca-11-3-en-1-hoteche-cod-160811\/"]}]},{"@type":"BreadcrumbList","@id":"https:\/\/herramientaspormayor.cl\/index.php\/product\/set-remachadora-de-tuerca-11-3-en-1-hoteche-cod-160811\/#breadcrumb","itemListElement":[{"@type":"ListItem","position":1,"name":"Home","item":"https:\/\/herramientaspormayor.cl\/"},{"@type":"ListItem","position":2,"name":"Tienda","item":"https:\/\/herramientaspormayor.cl\/index.php\/shop-default\/"},{"@type":"ListItem","position":3,"name":"SET REMACHADORA DE TUERCA 11&#8243; 3 EN 1 HOTECHE"}]},{"@type":"WebSite","@id":"https:\/\/herramientaspormayor.cl\/#website","url":"https:\/\/herramientaspormayor.cl\/","name":"Herramientas por mayor","description":"Proveedores de herramientas por mayor en chile.","publisher":{"@id":"https:\/\/herramientaspormayor.cl\/#organization"},"alternateName":"Ferreter\u00eda por mayor","potentialAction":[{"@type":"SearchAction","target":{"@type":"EntryPoint","urlTemplate":"https:\/\/herramientaspormayor.cl\/?s={search_term_string}"},"query-input":"required name=search_term_string"}],"inLanguage":"es"},{"@type":"Organization","@id":"https:\/\/herramientaspormayor.cl\/#organization","name":"Herramientas por mayor","url":"https:\/\/herramientaspormayor.cl\/","logo":{"@type":"ImageObject","inLanguage":"es","@id":"https:\/\/herramientaspormayor.cl\/#\/schema\/logo\/image\/","url":"https:\/\/herramientaspormayor.cl\/wp-content\/uploads\/2023\/01\/Logo-proind-1.jpg","contentUrl":"https:\/\/herramientaspormayor.cl\/wp-content\/uploads\/2023\/01\/Logo-proind-1.jpg","width":400,"height":180,"caption":"Herramientas por mayor"},"image":{"@id":"https:\/\/herramientaspormayor.cl\/#\/schema\/logo\/image\/"}}]}},"_links":{"self":[{"href":"https:\/\/herramientaspormayor.cl\/index.php\/wp-json\/wp\/v2\/product\/47433"}],"collection":[{"href":"https:\/\/herramientaspormayor.cl\/index.php\/wp-json\/wp\/v2\/product"}],"about":[{"href":"https:\/\/herramientaspormayor.cl\/index.php\/wp-json\/wp\/v2\/types\/product"}],"replies":[{"embeddable":true,"href":"https:\/\/herramientaspormayor.cl\/index.php\/wp-json\/wp\/v2\/comments?post=47433"}],"version-history":[{"count":7,"href":"https:\/\/herramientaspormayor.cl\/index.php\/wp-json\/wp\/v2\/product\/47433\/revisions"}],"predecessor-version":[{"id":54607,"href":"https:\/\/herramientaspormayor.cl\/index.php\/wp-json\/wp\/v2\/product\/47433\/revisions\/54607"}],"wp:featuredmedia":[{"embeddable":true,"href":"https:\/\/herramientaspormayor.cl\/index.php\/wp-json\/wp\/v2\/media\/46278"}],"wp:attachment":[{"href":"https:\/\/herramientaspormayor.cl\/index.php\/wp-json\/wp\/v2\/media?parent=47433"}],"wp:term":[{"taxonomy":"product_cat","embeddable":true,"href":"https:\/\/herramientaspormayor.cl\/index.php\/wp-json\/wp\/v2\/product_cat?post=47433"},{"taxonomy":"product_tag","embeddable":true,"href":"https:\/\/herramientaspormayor.cl\/index.php\/wp-json\/wp\/v2\/product_tag?post=47433"}],"curies":[{"name":"wp","href":"https:\/\/api.w.org\/{rel}","templated":true}]}}