{"id":47871,"date":"2023-02-14T21:35:30","date_gmt":"2023-02-14T21:35:30","guid":{"rendered":"https:\/\/herramientaspormayor.cl\/index.php\/product\/set-martillo-desabollador-7pcs-hoteche-cod-211301\/"},"modified":"2023-07-27T17:09:28","modified_gmt":"2023-07-27T17:09:28","slug":"set-martillo-desabollador-7pcs-hoteche-cod-211301","status":"publish","type":"product","link":"https:\/\/herramientaspormayor.cl\/index.php\/product\/set-martillo-desabollador-7pcs-hoteche-cod-211301\/","title":{"rendered":"SET MARTILLO DESABOLLADOR 7PCS HOTECHE"},"content":{"rendered":"<div class=\"ccvoYb EjH7wc\">\n<p>_x000D_<\/p>\n<div class=\"AxqVh\">\n<p>_x000D_<\/p>\n<div class=\"OPPzxe\">\n<p>_x000D_<\/p>\n<div class=\"FFpbKc\" style=\"text-align: center;\">&#8211; Material: acero al carbono<\/div>\n<p>_x000D_<\/p>\n<div class=\"QcsUad BDJ8fb BLojaf wneUed\">\n<p>_x000D_<\/p>\n<div class=\"usGWQd\" aria-live=\"polite\">\n<p>_x000D_<\/p>\n<div class=\"KkbLmb\">\n<p>_x000D_<\/p>\n<div class=\"VO9ucd\">\n<p>_x000D_<\/p>\n<div class=\"aJIq1d\" data-language-code=\"es\" data-language-name=\"espa\u00f1ol\" data-text=\"- Material: acero al carbono - Tama\u00f1o del paquete: 400*300mm - Largo del martillo: 29 cm - El Kit de empu\u00f1aduras de goma acolchadas con superficies pulidas - Acero t\u00e9rmico forjado en forma de gota de precisi\u00f3n - Incluye 3 martillos (un martillo para golpear est\u00e1ndar, un martillo corporal de curva inversa y un pick-and-finish) Y 4 dollies para carrocer\u00eda.\" data-crosslingual-hint=\"\" data-location=\"2\" data-enable-toggle-playback-speed=\"true\" data-results-count=\"1\" data-result-index=\"1\">\n<p>_x000D_<\/p>\n<div class=\"m0Qfkd\">\n<p>_x000D_<\/p>\n<div class=\"VfPpkd-Bz112c-RLmnJb\" style=\"text-align: center;\">&#8211; Tama\u00f1o del paquete: 400*300mm_x000D_<br \/>\n&#8211; Largo del martillo: 29 cm_x000D_<br \/>\n&#8211; El Kit de empu\u00f1aduras de goma acolchadas con superficies pulidas_x000D_<br \/>\n&#8211; Acero t\u00e9rmico forjado en forma de gota de precisi\u00f3n_x000D_<br \/>\n&#8211; Incluye 3 martillos (un martillo para golpear est\u00e1ndar, un martillo_x000D_<br \/>\ncorporal de curva inversa y un pick-and-finish) Y 4 dollies para_x000D_<br \/>\ncarrocer\u00eda.<\/div>\n<p>_x000D_<\/p>\n<div id=\"ucc-767\" class=\"EY8ABd-OWXEXe-TAWMXe\" style=\"text-align: center;\" role=\"tooltip\" aria-hidden=\"true\"><\/div>\n<p>_x000D_<\/p>\n<\/div>\n<p>_x000D_<\/p>\n<\/div>\n<p>_x000D_<\/p>\n<div class=\"YJGJsb\">\n<p>_x000D_<\/p>\n<div class=\"VfPpkd-Bz112c-Jh9lGc\"><\/div>\n<p>_x000D_<\/p>\n<div class=\"VfPpkd-Bz112c-RLmnJb\"><\/div>\n<p>_x000D_<\/p>\n<div id=\"ucc-768\" class=\"EY8ABd-OWXEXe-TAWMXe\" role=\"tooltip\" aria-hidden=\"true\"><\/div>\n<p>_x000D_<\/p>\n<div>\n<p>_x000D_<\/p>\n<div data-show-delay-ms=\"250\" data-append-to-body=\"true\" data-propagate-tooltip-mouseover-events=\"true\" data-anchor-corner=\"bottom-left\" data-enable-skip-handler=\"false\" data-popup-corner=\"top-left\">\n<p>_x000D_<\/p>\n<div>\n<p>_x000D_<\/p>\n<div class=\"VfPpkd-Bz112c-Jh9lGc\"><\/div>\n<p>_x000D_<\/p>\n<div class=\"VfPpkd-Bz112c-RLmnJb\"><\/div>\n<p>_x000D_<\/p>\n<\/div>\n<p>_x000D_<\/p>\n<\/div>\n<p>_x000D_<\/p>\n<\/div>\n<p>_x000D_<\/p>\n<div class=\"VfPpkd-Bz112c-Jh9lGc\"><\/div>\n<p>_x000D_<\/p>\n<div class=\"VfPpkd-Bz112c-RLmnJb\"><\/div>\n<p>_x000D_<\/p>\n<div id=\"tt-c2483\" class=\"EY8ABd-OWXEXe-TAWMXe\" role=\"tooltip\" aria-hidden=\"true\"><\/div>\n<p>_x000D_<\/p>\n<\/div>\n<p>_x000D_<\/p>\n<\/div>\n<p>_x000D_<\/p>\n<\/div>\n<p>_x000D_<\/p>\n<\/div>\n<p>_x000D_<\/p>\n<\/div>\n<p>_x000D_<\/p>\n<\/div>\n<p>_x000D_<\/p>\n<\/div>\n<p>_x000D_<\/p>\n<\/div>\n<p>_x000D_<\/p>\n<div class=\"kGmWO\"><\/div>\n","protected":false},"excerpt":{"rendered":"<p>_x000D_ _x000D_ _x000D_ &#8211; Material: acero al carbono _x000D_ _x000D_ _x000D_ _x000D_ _x000D_ _x000D_ _x000D_ &#8211; Tama\u00f1o del paquete: 400*300mm_x000D_<\/p>\n","protected":false},"featured_media":46498,"comment_status":"closed","ping_status":"closed","template":"","meta":[],"product_cat":[250],"product_tag":[],"yoast_head":"<!-- This site is optimized with the Yoast SEO Premium plugin v19.6 (Yoast SEO v19.12) - https:\/\/yoast.com\/wordpress\/plugins\/seo\/ -->\n<title>SET MARTILLO DESABOLLADOR 7PCS HOTECHE | Herramientas por mayor<\/title>\n<meta name=\"robots\" content=\"index, follow, max-snippet:-1, max-image-preview:large, max-video-preview:-1\" \/>\n<link rel=\"canonical\" href=\"https:\/\/herramientaspormayor.cl\/index.php\/product\/set-martillo-desabollador-7pcs-hoteche-cod-211301\/\" \/>\n<meta property=\"og:locale\" content=\"es_ES\" \/>\n<meta property=\"og:type\" content=\"article\" \/>\n<meta property=\"og:title\" content=\"SET MARTILLO DESABOLLADOR 7PCS HOTECHE\" \/>\n<meta property=\"og:description\" content=\"_x000D_ _x000D_ _x000D_ &#8211; Material: acero al carbono _x000D_ _x000D_ _x000D_ _x000D_ _x000D_ _x000D_ _x000D_ &#8211; Tama\u00f1o del paquete: 400*300mm_x000D_\" \/>\n<meta property=\"og:url\" content=\"https:\/\/herramientaspormayor.cl\/index.php\/product\/set-martillo-desabollador-7pcs-hoteche-cod-211301\/\" \/>\n<meta property=\"og:site_name\" content=\"Herramientas por mayor\" \/>\n<meta property=\"article:modified_time\" content=\"2023-07-27T17:09:28+00:00\" \/>\n<meta property=\"og:image\" content=\"https:\/\/herramientaspormayor.cl\/wp-content\/uploads\/2023\/02\/211301.jpg\" \/>\n\t<meta property=\"og:image:width\" content=\"640\" \/>\n\t<meta property=\"og:image:height\" content=\"640\" \/>\n\t<meta property=\"og:image:type\" content=\"image\/jpeg\" \/>\n<meta name=\"twitter:card\" content=\"summary_large_image\" \/>\n<meta name=\"twitter:label1\" content=\"Tiempo de lectura\" \/>\n\t<meta name=\"twitter:data1\" content=\"1 minuto\" \/>\n<script type=\"application\/ld+json\" class=\"yoast-schema-graph\">{\"@context\":\"https:\/\/schema.org\",\"@graph\":[{\"@type\":\"WebPage\",\"@id\":\"https:\/\/herramientaspormayor.cl\/index.php\/product\/set-martillo-desabollador-7pcs-hoteche-cod-211301\/\",\"url\":\"https:\/\/herramientaspormayor.cl\/index.php\/product\/set-martillo-desabollador-7pcs-hoteche-cod-211301\/\",\"name\":\"SET MARTILLO DESABOLLADOR 7PCS HOTECHE | Herramientas por mayor\",\"isPartOf\":{\"@id\":\"https:\/\/herramientaspormayor.cl\/#website\"},\"datePublished\":\"2023-02-14T21:35:30+00:00\",\"dateModified\":\"2023-07-27T17:09:28+00:00\",\"breadcrumb\":{\"@id\":\"https:\/\/herramientaspormayor.cl\/index.php\/product\/set-martillo-desabollador-7pcs-hoteche-cod-211301\/#breadcrumb\"},\"inLanguage\":\"es\",\"potentialAction\":[{\"@type\":\"ReadAction\",\"target\":[\"https:\/\/herramientaspormayor.cl\/index.php\/product\/set-martillo-desabollador-7pcs-hoteche-cod-211301\/\"]}]},{\"@type\":\"BreadcrumbList\",\"@id\":\"https:\/\/herramientaspormayor.cl\/index.php\/product\/set-martillo-desabollador-7pcs-hoteche-cod-211301\/#breadcrumb\",\"itemListElement\":[{\"@type\":\"ListItem\",\"position\":1,\"name\":\"Home\",\"item\":\"https:\/\/herramientaspormayor.cl\/\"},{\"@type\":\"ListItem\",\"position\":2,\"name\":\"Tienda\",\"item\":\"https:\/\/herramientaspormayor.cl\/index.php\/shop-default\/\"},{\"@type\":\"ListItem\",\"position\":3,\"name\":\"SET MARTILLO DESABOLLADOR 7PCS HOTECHE\"}]},{\"@type\":\"WebSite\",\"@id\":\"https:\/\/herramientaspormayor.cl\/#website\",\"url\":\"https:\/\/herramientaspormayor.cl\/\",\"name\":\"Herramientas por mayor\",\"description\":\"Proveedores de herramientas por mayor en chile.\",\"publisher\":{\"@id\":\"https:\/\/herramientaspormayor.cl\/#organization\"},\"alternateName\":\"Ferreter\u00eda por mayor\",\"potentialAction\":[{\"@type\":\"SearchAction\",\"target\":{\"@type\":\"EntryPoint\",\"urlTemplate\":\"https:\/\/herramientaspormayor.cl\/?s={search_term_string}\"},\"query-input\":\"required name=search_term_string\"}],\"inLanguage\":\"es\"},{\"@type\":\"Organization\",\"@id\":\"https:\/\/herramientaspormayor.cl\/#organization\",\"name\":\"Herramientas por mayor\",\"url\":\"https:\/\/herramientaspormayor.cl\/\",\"logo\":{\"@type\":\"ImageObject\",\"inLanguage\":\"es\",\"@id\":\"https:\/\/herramientaspormayor.cl\/#\/schema\/logo\/image\/\",\"url\":\"https:\/\/herramientaspormayor.cl\/wp-content\/uploads\/2023\/01\/Logo-proind-1.jpg\",\"contentUrl\":\"https:\/\/herramientaspormayor.cl\/wp-content\/uploads\/2023\/01\/Logo-proind-1.jpg\",\"width\":400,\"height\":180,\"caption\":\"Herramientas por mayor\"},\"image\":{\"@id\":\"https:\/\/herramientaspormayor.cl\/#\/schema\/logo\/image\/\"}}]}<\/script>\n<!-- \/ Yoast SEO Premium plugin. -->","yoast_head_json":{"title":"SET MARTILLO DESABOLLADOR 7PCS HOTECHE | Herramientas por mayor","robots":{"index":"index","follow":"follow","max-snippet":"max-snippet:-1","max-image-preview":"max-image-preview:large","max-video-preview":"max-video-preview:-1"},"canonical":"https:\/\/herramientaspormayor.cl\/index.php\/product\/set-martillo-desabollador-7pcs-hoteche-cod-211301\/","og_locale":"es_ES","og_type":"article","og_title":"SET MARTILLO DESABOLLADOR 7PCS HOTECHE","og_description":"_x000D_ _x000D_ _x000D_ &#8211; Material: acero al carbono _x000D_ _x000D_ _x000D_ _x000D_ _x000D_ _x000D_ _x000D_ &#8211; Tama\u00f1o del paquete: 400*300mm_x000D_","og_url":"https:\/\/herramientaspormayor.cl\/index.php\/product\/set-martillo-desabollador-7pcs-hoteche-cod-211301\/","og_site_name":"Herramientas por mayor","article_modified_time":"2023-07-27T17:09:28+00:00","og_image":[{"width":640,"height":640,"url":"https:\/\/herramientaspormayor.cl\/wp-content\/uploads\/2023\/02\/211301.jpg","type":"image\/jpeg"}],"twitter_card":"summary_large_image","twitter_misc":{"Tiempo de lectura":"1 minuto"},"schema":{"@context":"https:\/\/schema.org","@graph":[{"@type":"WebPage","@id":"https:\/\/herramientaspormayor.cl\/index.php\/product\/set-martillo-desabollador-7pcs-hoteche-cod-211301\/","url":"https:\/\/herramientaspormayor.cl\/index.php\/product\/set-martillo-desabollador-7pcs-hoteche-cod-211301\/","name":"SET MARTILLO DESABOLLADOR 7PCS HOTECHE | Herramientas por mayor","isPartOf":{"@id":"https:\/\/herramientaspormayor.cl\/#website"},"datePublished":"2023-02-14T21:35:30+00:00","dateModified":"2023-07-27T17:09:28+00:00","breadcrumb":{"@id":"https:\/\/herramientaspormayor.cl\/index.php\/product\/set-martillo-desabollador-7pcs-hoteche-cod-211301\/#breadcrumb"},"inLanguage":"es","potentialAction":[{"@type":"ReadAction","target":["https:\/\/herramientaspormayor.cl\/index.php\/product\/set-martillo-desabollador-7pcs-hoteche-cod-211301\/"]}]},{"@type":"BreadcrumbList","@id":"https:\/\/herramientaspormayor.cl\/index.php\/product\/set-martillo-desabollador-7pcs-hoteche-cod-211301\/#breadcrumb","itemListElement":[{"@type":"ListItem","position":1,"name":"Home","item":"https:\/\/herramientaspormayor.cl\/"},{"@type":"ListItem","position":2,"name":"Tienda","item":"https:\/\/herramientaspormayor.cl\/index.php\/shop-default\/"},{"@type":"ListItem","position":3,"name":"SET MARTILLO DESABOLLADOR 7PCS HOTECHE"}]},{"@type":"WebSite","@id":"https:\/\/herramientaspormayor.cl\/#website","url":"https:\/\/herramientaspormayor.cl\/","name":"Herramientas por mayor","description":"Proveedores de herramientas por mayor en chile.","publisher":{"@id":"https:\/\/herramientaspormayor.cl\/#organization"},"alternateName":"Ferreter\u00eda por mayor","potentialAction":[{"@type":"SearchAction","target":{"@type":"EntryPoint","urlTemplate":"https:\/\/herramientaspormayor.cl\/?s={search_term_string}"},"query-input":"required name=search_term_string"}],"inLanguage":"es"},{"@type":"Organization","@id":"https:\/\/herramientaspormayor.cl\/#organization","name":"Herramientas por mayor","url":"https:\/\/herramientaspormayor.cl\/","logo":{"@type":"ImageObject","inLanguage":"es","@id":"https:\/\/herramientaspormayor.cl\/#\/schema\/logo\/image\/","url":"https:\/\/herramientaspormayor.cl\/wp-content\/uploads\/2023\/01\/Logo-proind-1.jpg","contentUrl":"https:\/\/herramientaspormayor.cl\/wp-content\/uploads\/2023\/01\/Logo-proind-1.jpg","width":400,"height":180,"caption":"Herramientas por mayor"},"image":{"@id":"https:\/\/herramientaspormayor.cl\/#\/schema\/logo\/image\/"}}]}},"_links":{"self":[{"href":"https:\/\/herramientaspormayor.cl\/index.php\/wp-json\/wp\/v2\/product\/47871"}],"collection":[{"href":"https:\/\/herramientaspormayor.cl\/index.php\/wp-json\/wp\/v2\/product"}],"about":[{"href":"https:\/\/herramientaspormayor.cl\/index.php\/wp-json\/wp\/v2\/types\/product"}],"replies":[{"embeddable":true,"href":"https:\/\/herramientaspormayor.cl\/index.php\/wp-json\/wp\/v2\/comments?post=47871"}],"version-history":[{"count":6,"href":"https:\/\/herramientaspormayor.cl\/index.php\/wp-json\/wp\/v2\/product\/47871\/revisions"}],"predecessor-version":[{"id":53503,"href":"https:\/\/herramientaspormayor.cl\/index.php\/wp-json\/wp\/v2\/product\/47871\/revisions\/53503"}],"wp:featuredmedia":[{"embeddable":true,"href":"https:\/\/herramientaspormayor.cl\/index.php\/wp-json\/wp\/v2\/media\/46498"}],"wp:attachment":[{"href":"https:\/\/herramientaspormayor.cl\/index.php\/wp-json\/wp\/v2\/media?parent=47871"}],"wp:term":[{"taxonomy":"product_cat","embeddable":true,"href":"https:\/\/herramientaspormayor.cl\/index.php\/wp-json\/wp\/v2\/product_cat?post=47871"},{"taxonomy":"product_tag","embeddable":true,"href":"https:\/\/herramientaspormayor.cl\/index.php\/wp-json\/wp\/v2\/product_tag?post=47871"}],"curies":[{"name":"wp","href":"https:\/\/api.w.org\/{rel}","templated":true}]}}