{"id":48131,"date":"2023-02-14T21:35:47","date_gmt":"2023-02-14T21:35:47","guid":{"rendered":"https:\/\/herramientaspormayor.cl\/index.php\/product\/tester-multitester-multimetro-digital-lcd-600v-industrial-hoteche-cod-284805\/"},"modified":"2023-07-28T16:33:08","modified_gmt":"2023-07-28T16:33:08","slug":"tester-multitester-multimetro-digital-lcd-600v-industrial-hoteche-cod-284805","status":"publish","type":"product","link":"https:\/\/herramientaspormayor.cl\/index.php\/product\/tester-multitester-multimetro-digital-lcd-600v-industrial-hoteche-cod-284805\/","title":{"rendered":"TESTER MULTITESTER MULTIMETRO DIGITAL LCD 600V INDUSTRIAL HOTECHE"},"content":{"rendered":"<p style=\"text-align: center;\">&#8211; Voltaje CC: 200 mV\/2 V\/20 V\/200 V\/600 V \u00b1(0,5%+3)<\/p>\n<p>_x000D_<\/p>\n<p style=\"text-align: center;\">&#8211; Voltaje CA: 200 V\/600 V \u00b1(1,0 %+3)<\/p>\n<p>_x000D_<\/p>\n<p style=\"text-align: center;\">&#8211; Corriente CC: 200mA \u00b1(1,2%+3) 10A \u00b1(2,0%+3)<\/p>\n<p>_x000D_<\/p>\n<p style=\"text-align: center;\">&#8211; Corriente AC: 200mA \u00b1(1.5%+3) 10A \u00b1(2.0%+3) Resistencia: 200\u03a9\/2k\u03a9\/20k\u03a9\/200k\u03a9\/2M\u03a9\/20M\u03a9 \u00b1(1.0%+3)<\/p>\n<p>_x000D_<\/p>\n<p style=\"text-align: center;\">&#8211; Pantalla: 2000 recuentos Rango autom\u00e1tico\/manual: Manual<\/p>\n<p>_x000D_<\/p>\n<p style=\"text-align: center;\">&#8211; Prueba de diodo NCV (LED y Buzz)<\/p>\n<p>_x000D_<\/p>\n<p style=\"text-align: center;\">&#8211; Retenci\u00f3n de datos de continuidad (LED y zumbido)<\/p>\n<p>_x000D_<\/p>\n<p style=\"text-align: center;\">&#8211; Ancho de banda: 40 ~ 400 Hz Prueba de bater\u00eda (1,5 V\/9 V)<\/p>\n<p>_x000D_<\/p>\n<p style=\"text-align: center;\">&#8211; Indicaci\u00f3n de bater\u00eda baja Apagado autom\u00e1tico<\/p>\n<p>_x000D_<\/p>\n<p style=\"text-align: center;\">&#8211; Luz trasera Luz de trabajo<\/p>\n<p>_x000D_<\/p>\n<p style=\"text-align: center;\">&#8211; Potencia: 2 pilas AAA de 1,5 V.<\/p>\n","protected":false},"excerpt":{"rendered":"<p>&#8211; Voltaje CC: 200 mV\/2 V\/20 V\/200 V\/600 V \u00b1(0,5%+3) _x000D_ &#8211; Voltaje CA: 200 V\/600 V \u00b1(1,0 %+3) _x000D_<\/p>\n","protected":false},"featured_media":46928,"comment_status":"closed","ping_status":"closed","template":"","meta":[],"product_cat":[253],"product_tag":[],"yoast_head":"<!-- This site is optimized with the Yoast SEO Premium plugin v19.6 (Yoast SEO v19.12) - https:\/\/yoast.com\/wordpress\/plugins\/seo\/ -->\n<title>TESTER MULTITESTER MULTIMETRO DIGITAL LCD 600V INDUSTRIAL HOTECHE | Herramientas por mayor<\/title>\n<meta name=\"robots\" content=\"index, follow, max-snippet:-1, max-image-preview:large, max-video-preview:-1\" \/>\n<link rel=\"canonical\" href=\"https:\/\/herramientaspormayor.cl\/index.php\/product\/tester-multitester-multimetro-digital-lcd-600v-industrial-hoteche-cod-284805\/\" \/>\n<meta property=\"og:locale\" content=\"es_ES\" \/>\n<meta property=\"og:type\" content=\"article\" \/>\n<meta property=\"og:title\" content=\"TESTER MULTITESTER MULTIMETRO DIGITAL LCD 600V INDUSTRIAL HOTECHE\" \/>\n<meta property=\"og:description\" content=\"&#8211; Voltaje CC: 200 mV\/2 V\/20 V\/200 V\/600 V \u00b1(0,5%+3) _x000D_ &#8211; Voltaje CA: 200 V\/600 V \u00b1(1,0 %+3) _x000D_\" \/>\n<meta property=\"og:url\" content=\"https:\/\/herramientaspormayor.cl\/index.php\/product\/tester-multitester-multimetro-digital-lcd-600v-industrial-hoteche-cod-284805\/\" \/>\n<meta property=\"og:site_name\" content=\"Herramientas por mayor\" \/>\n<meta property=\"article:modified_time\" content=\"2023-07-28T16:33:08+00:00\" \/>\n<meta property=\"og:image\" content=\"https:\/\/herramientaspormayor.cl\/wp-content\/uploads\/2023\/02\/284805.jpg\" \/>\n\t<meta property=\"og:image:width\" content=\"875\" \/>\n\t<meta property=\"og:image:height\" content=\"870\" \/>\n\t<meta property=\"og:image:type\" content=\"image\/jpeg\" \/>\n<meta name=\"twitter:card\" content=\"summary_large_image\" \/>\n<meta name=\"twitter:label1\" content=\"Tiempo de lectura\" \/>\n\t<meta name=\"twitter:data1\" content=\"1 minuto\" \/>\n<script type=\"application\/ld+json\" class=\"yoast-schema-graph\">{\"@context\":\"https:\/\/schema.org\",\"@graph\":[{\"@type\":\"WebPage\",\"@id\":\"https:\/\/herramientaspormayor.cl\/index.php\/product\/tester-multitester-multimetro-digital-lcd-600v-industrial-hoteche-cod-284805\/\",\"url\":\"https:\/\/herramientaspormayor.cl\/index.php\/product\/tester-multitester-multimetro-digital-lcd-600v-industrial-hoteche-cod-284805\/\",\"name\":\"TESTER MULTITESTER MULTIMETRO DIGITAL LCD 600V INDUSTRIAL HOTECHE | Herramientas por mayor\",\"isPartOf\":{\"@id\":\"https:\/\/herramientaspormayor.cl\/#website\"},\"datePublished\":\"2023-02-14T21:35:47+00:00\",\"dateModified\":\"2023-07-28T16:33:08+00:00\",\"breadcrumb\":{\"@id\":\"https:\/\/herramientaspormayor.cl\/index.php\/product\/tester-multitester-multimetro-digital-lcd-600v-industrial-hoteche-cod-284805\/#breadcrumb\"},\"inLanguage\":\"es\",\"potentialAction\":[{\"@type\":\"ReadAction\",\"target\":[\"https:\/\/herramientaspormayor.cl\/index.php\/product\/tester-multitester-multimetro-digital-lcd-600v-industrial-hoteche-cod-284805\/\"]}]},{\"@type\":\"BreadcrumbList\",\"@id\":\"https:\/\/herramientaspormayor.cl\/index.php\/product\/tester-multitester-multimetro-digital-lcd-600v-industrial-hoteche-cod-284805\/#breadcrumb\",\"itemListElement\":[{\"@type\":\"ListItem\",\"position\":1,\"name\":\"Home\",\"item\":\"https:\/\/herramientaspormayor.cl\/\"},{\"@type\":\"ListItem\",\"position\":2,\"name\":\"Tienda\",\"item\":\"https:\/\/herramientaspormayor.cl\/index.php\/shop-default\/\"},{\"@type\":\"ListItem\",\"position\":3,\"name\":\"TESTER MULTITESTER MULTIMETRO DIGITAL LCD 600V INDUSTRIAL HOTECHE\"}]},{\"@type\":\"WebSite\",\"@id\":\"https:\/\/herramientaspormayor.cl\/#website\",\"url\":\"https:\/\/herramientaspormayor.cl\/\",\"name\":\"Herramientas por mayor\",\"description\":\"Proveedores de herramientas por mayor en chile.\",\"publisher\":{\"@id\":\"https:\/\/herramientaspormayor.cl\/#organization\"},\"alternateName\":\"Ferreter\u00eda por mayor\",\"potentialAction\":[{\"@type\":\"SearchAction\",\"target\":{\"@type\":\"EntryPoint\",\"urlTemplate\":\"https:\/\/herramientaspormayor.cl\/?s={search_term_string}\"},\"query-input\":\"required name=search_term_string\"}],\"inLanguage\":\"es\"},{\"@type\":\"Organization\",\"@id\":\"https:\/\/herramientaspormayor.cl\/#organization\",\"name\":\"Herramientas por mayor\",\"url\":\"https:\/\/herramientaspormayor.cl\/\",\"logo\":{\"@type\":\"ImageObject\",\"inLanguage\":\"es\",\"@id\":\"https:\/\/herramientaspormayor.cl\/#\/schema\/logo\/image\/\",\"url\":\"https:\/\/herramientaspormayor.cl\/wp-content\/uploads\/2023\/01\/Logo-proind-1.jpg\",\"contentUrl\":\"https:\/\/herramientaspormayor.cl\/wp-content\/uploads\/2023\/01\/Logo-proind-1.jpg\",\"width\":400,\"height\":180,\"caption\":\"Herramientas por mayor\"},\"image\":{\"@id\":\"https:\/\/herramientaspormayor.cl\/#\/schema\/logo\/image\/\"}}]}<\/script>\n<!-- \/ Yoast SEO Premium plugin. -->","yoast_head_json":{"title":"TESTER MULTITESTER MULTIMETRO DIGITAL LCD 600V INDUSTRIAL HOTECHE | Herramientas por mayor","robots":{"index":"index","follow":"follow","max-snippet":"max-snippet:-1","max-image-preview":"max-image-preview:large","max-video-preview":"max-video-preview:-1"},"canonical":"https:\/\/herramientaspormayor.cl\/index.php\/product\/tester-multitester-multimetro-digital-lcd-600v-industrial-hoteche-cod-284805\/","og_locale":"es_ES","og_type":"article","og_title":"TESTER MULTITESTER MULTIMETRO DIGITAL LCD 600V INDUSTRIAL HOTECHE","og_description":"&#8211; Voltaje CC: 200 mV\/2 V\/20 V\/200 V\/600 V \u00b1(0,5%+3) _x000D_ &#8211; Voltaje CA: 200 V\/600 V \u00b1(1,0 %+3) _x000D_","og_url":"https:\/\/herramientaspormayor.cl\/index.php\/product\/tester-multitester-multimetro-digital-lcd-600v-industrial-hoteche-cod-284805\/","og_site_name":"Herramientas por mayor","article_modified_time":"2023-07-28T16:33:08+00:00","og_image":[{"width":875,"height":870,"url":"https:\/\/herramientaspormayor.cl\/wp-content\/uploads\/2023\/02\/284805.jpg","type":"image\/jpeg"}],"twitter_card":"summary_large_image","twitter_misc":{"Tiempo de lectura":"1 minuto"},"schema":{"@context":"https:\/\/schema.org","@graph":[{"@type":"WebPage","@id":"https:\/\/herramientaspormayor.cl\/index.php\/product\/tester-multitester-multimetro-digital-lcd-600v-industrial-hoteche-cod-284805\/","url":"https:\/\/herramientaspormayor.cl\/index.php\/product\/tester-multitester-multimetro-digital-lcd-600v-industrial-hoteche-cod-284805\/","name":"TESTER MULTITESTER MULTIMETRO DIGITAL LCD 600V INDUSTRIAL HOTECHE | Herramientas por mayor","isPartOf":{"@id":"https:\/\/herramientaspormayor.cl\/#website"},"datePublished":"2023-02-14T21:35:47+00:00","dateModified":"2023-07-28T16:33:08+00:00","breadcrumb":{"@id":"https:\/\/herramientaspormayor.cl\/index.php\/product\/tester-multitester-multimetro-digital-lcd-600v-industrial-hoteche-cod-284805\/#breadcrumb"},"inLanguage":"es","potentialAction":[{"@type":"ReadAction","target":["https:\/\/herramientaspormayor.cl\/index.php\/product\/tester-multitester-multimetro-digital-lcd-600v-industrial-hoteche-cod-284805\/"]}]},{"@type":"BreadcrumbList","@id":"https:\/\/herramientaspormayor.cl\/index.php\/product\/tester-multitester-multimetro-digital-lcd-600v-industrial-hoteche-cod-284805\/#breadcrumb","itemListElement":[{"@type":"ListItem","position":1,"name":"Home","item":"https:\/\/herramientaspormayor.cl\/"},{"@type":"ListItem","position":2,"name":"Tienda","item":"https:\/\/herramientaspormayor.cl\/index.php\/shop-default\/"},{"@type":"ListItem","position":3,"name":"TESTER MULTITESTER MULTIMETRO DIGITAL LCD 600V INDUSTRIAL HOTECHE"}]},{"@type":"WebSite","@id":"https:\/\/herramientaspormayor.cl\/#website","url":"https:\/\/herramientaspormayor.cl\/","name":"Herramientas por mayor","description":"Proveedores de herramientas por mayor en chile.","publisher":{"@id":"https:\/\/herramientaspormayor.cl\/#organization"},"alternateName":"Ferreter\u00eda por mayor","potentialAction":[{"@type":"SearchAction","target":{"@type":"EntryPoint","urlTemplate":"https:\/\/herramientaspormayor.cl\/?s={search_term_string}"},"query-input":"required name=search_term_string"}],"inLanguage":"es"},{"@type":"Organization","@id":"https:\/\/herramientaspormayor.cl\/#organization","name":"Herramientas por mayor","url":"https:\/\/herramientaspormayor.cl\/","logo":{"@type":"ImageObject","inLanguage":"es","@id":"https:\/\/herramientaspormayor.cl\/#\/schema\/logo\/image\/","url":"https:\/\/herramientaspormayor.cl\/wp-content\/uploads\/2023\/01\/Logo-proind-1.jpg","contentUrl":"https:\/\/herramientaspormayor.cl\/wp-content\/uploads\/2023\/01\/Logo-proind-1.jpg","width":400,"height":180,"caption":"Herramientas por mayor"},"image":{"@id":"https:\/\/herramientaspormayor.cl\/#\/schema\/logo\/image\/"}}]}},"_links":{"self":[{"href":"https:\/\/herramientaspormayor.cl\/index.php\/wp-json\/wp\/v2\/product\/48131"}],"collection":[{"href":"https:\/\/herramientaspormayor.cl\/index.php\/wp-json\/wp\/v2\/product"}],"about":[{"href":"https:\/\/herramientaspormayor.cl\/index.php\/wp-json\/wp\/v2\/types\/product"}],"replies":[{"embeddable":true,"href":"https:\/\/herramientaspormayor.cl\/index.php\/wp-json\/wp\/v2\/comments?post=48131"}],"version-history":[{"count":5,"href":"https:\/\/herramientaspormayor.cl\/index.php\/wp-json\/wp\/v2\/product\/48131\/revisions"}],"predecessor-version":[{"id":53634,"href":"https:\/\/herramientaspormayor.cl\/index.php\/wp-json\/wp\/v2\/product\/48131\/revisions\/53634"}],"wp:featuredmedia":[{"embeddable":true,"href":"https:\/\/herramientaspormayor.cl\/index.php\/wp-json\/wp\/v2\/media\/46928"}],"wp:attachment":[{"href":"https:\/\/herramientaspormayor.cl\/index.php\/wp-json\/wp\/v2\/media?parent=48131"}],"wp:term":[{"taxonomy":"product_cat","embeddable":true,"href":"https:\/\/herramientaspormayor.cl\/index.php\/wp-json\/wp\/v2\/product_cat?post=48131"},{"taxonomy":"product_tag","embeddable":true,"href":"https:\/\/herramientaspormayor.cl\/index.php\/wp-json\/wp\/v2\/product_tag?post=48131"}],"curies":[{"name":"wp","href":"https:\/\/api.w.org\/{rel}","templated":true}]}}