{"id":48607,"date":"2023-02-14T21:36:19","date_gmt":"2023-02-14T21:36:19","guid":{"rendered":"https:\/\/herramientaspormayor.cl\/index.php\/product\/linterna-con-9led-uso-pila-3xaaa-hoteche-cod-440001\/"},"modified":"2023-07-29T17:34:11","modified_gmt":"2023-07-29T17:34:11","slug":"linterna-con-9led-uso-pila-3xaaa-hoteche-cod-440001","status":"publish","type":"product","link":"https:\/\/herramientaspormayor.cl\/index.php\/product\/linterna-con-9led-uso-pila-3xaaa-hoteche-cod-440001\/","title":{"rendered":"LINTERNA CON 9LED USO PILA 3XAAA HOTECHE"},"content":{"rendered":"<p style=\"text-align: center;\">Linterna 9LED<\/p>\n<p>_x000D_<\/p>\n<p style=\"text-align: center;\">material: aluminio aeron\u00e1utico<\/p>\n<p>_x000D_<\/p>\n<p style=\"text-align: center;\">Tipo de LED: 9 LED<\/p>\n<p>_x000D_<\/p>\n<p style=\"text-align: center;\">tipo de bater\u00eda: 3xAAA<\/p>\n<p>_x000D_<\/p>\n<p style=\"text-align: center;\">tama\u00f1o: \u03a627x88mm<\/p>\n<p>_x000D_<\/p>\n<p style=\"text-align: center;\">peso: 42g<\/p>\n<p>_x000D_<\/p>\n<p style=\"text-align: center;\">ampolla doble<\/p>\n","protected":false},"excerpt":{"rendered":"<p>Linterna 9LED _x000D_ material: aluminio aeron\u00e1utico _x000D_ Tipo de LED: 9 LED _x000D_ tipo de bater\u00eda: 3xAAA _x000D_ tama\u00f1o: \u03a627x88mm<\/p>\n","protected":false},"featured_media":47034,"comment_status":"closed","ping_status":"closed","template":"","meta":[],"product_cat":[224],"product_tag":[],"yoast_head":"<!-- This site is optimized with the Yoast SEO Premium plugin v19.6 (Yoast SEO v19.12) - https:\/\/yoast.com\/wordpress\/plugins\/seo\/ -->\n<title>LINTERNA CON 9LED USO PILA 3XAAA HOTECHE | Herramientas por mayor<\/title>\n<meta name=\"robots\" content=\"index, follow, max-snippet:-1, max-image-preview:large, max-video-preview:-1\" \/>\n<link rel=\"canonical\" href=\"https:\/\/herramientaspormayor.cl\/index.php\/product\/linterna-con-9led-uso-pila-3xaaa-hoteche-cod-440001\/\" \/>\n<meta property=\"og:locale\" content=\"es_ES\" \/>\n<meta property=\"og:type\" content=\"article\" \/>\n<meta property=\"og:title\" content=\"LINTERNA CON 9LED USO PILA 3XAAA HOTECHE\" \/>\n<meta property=\"og:description\" content=\"Linterna 9LED _x000D_ material: aluminio aeron\u00e1utico _x000D_ Tipo de LED: 9 LED _x000D_ tipo de bater\u00eda: 3xAAA _x000D_ tama\u00f1o: \u03a627x88mm\" \/>\n<meta property=\"og:url\" content=\"https:\/\/herramientaspormayor.cl\/index.php\/product\/linterna-con-9led-uso-pila-3xaaa-hoteche-cod-440001\/\" \/>\n<meta property=\"og:site_name\" content=\"Herramientas por mayor\" \/>\n<meta property=\"article:modified_time\" content=\"2023-07-29T17:34:11+00:00\" \/>\n<meta property=\"og:image\" content=\"https:\/\/herramientaspormayor.cl\/wp-content\/uploads\/2023\/02\/440001.jpg\" \/>\n\t<meta property=\"og:image:width\" content=\"875\" \/>\n\t<meta property=\"og:image:height\" content=\"870\" \/>\n\t<meta property=\"og:image:type\" content=\"image\/jpeg\" \/>\n<meta name=\"twitter:card\" content=\"summary_large_image\" \/>\n<script type=\"application\/ld+json\" class=\"yoast-schema-graph\">{\"@context\":\"https:\/\/schema.org\",\"@graph\":[{\"@type\":\"WebPage\",\"@id\":\"https:\/\/herramientaspormayor.cl\/index.php\/product\/linterna-con-9led-uso-pila-3xaaa-hoteche-cod-440001\/\",\"url\":\"https:\/\/herramientaspormayor.cl\/index.php\/product\/linterna-con-9led-uso-pila-3xaaa-hoteche-cod-440001\/\",\"name\":\"LINTERNA CON 9LED USO PILA 3XAAA HOTECHE | Herramientas por mayor\",\"isPartOf\":{\"@id\":\"https:\/\/herramientaspormayor.cl\/#website\"},\"datePublished\":\"2023-02-14T21:36:19+00:00\",\"dateModified\":\"2023-07-29T17:34:11+00:00\",\"breadcrumb\":{\"@id\":\"https:\/\/herramientaspormayor.cl\/index.php\/product\/linterna-con-9led-uso-pila-3xaaa-hoteche-cod-440001\/#breadcrumb\"},\"inLanguage\":\"es\",\"potentialAction\":[{\"@type\":\"ReadAction\",\"target\":[\"https:\/\/herramientaspormayor.cl\/index.php\/product\/linterna-con-9led-uso-pila-3xaaa-hoteche-cod-440001\/\"]}]},{\"@type\":\"BreadcrumbList\",\"@id\":\"https:\/\/herramientaspormayor.cl\/index.php\/product\/linterna-con-9led-uso-pila-3xaaa-hoteche-cod-440001\/#breadcrumb\",\"itemListElement\":[{\"@type\":\"ListItem\",\"position\":1,\"name\":\"Home\",\"item\":\"https:\/\/herramientaspormayor.cl\/\"},{\"@type\":\"ListItem\",\"position\":2,\"name\":\"Tienda\",\"item\":\"https:\/\/herramientaspormayor.cl\/index.php\/shop-default\/\"},{\"@type\":\"ListItem\",\"position\":3,\"name\":\"LINTERNA CON 9LED USO PILA 3XAAA HOTECHE\"}]},{\"@type\":\"WebSite\",\"@id\":\"https:\/\/herramientaspormayor.cl\/#website\",\"url\":\"https:\/\/herramientaspormayor.cl\/\",\"name\":\"Herramientas por mayor\",\"description\":\"Proveedores de herramientas por mayor en chile.\",\"publisher\":{\"@id\":\"https:\/\/herramientaspormayor.cl\/#organization\"},\"alternateName\":\"Ferreter\u00eda por mayor\",\"potentialAction\":[{\"@type\":\"SearchAction\",\"target\":{\"@type\":\"EntryPoint\",\"urlTemplate\":\"https:\/\/herramientaspormayor.cl\/?s={search_term_string}\"},\"query-input\":\"required name=search_term_string\"}],\"inLanguage\":\"es\"},{\"@type\":\"Organization\",\"@id\":\"https:\/\/herramientaspormayor.cl\/#organization\",\"name\":\"Herramientas por mayor\",\"url\":\"https:\/\/herramientaspormayor.cl\/\",\"logo\":{\"@type\":\"ImageObject\",\"inLanguage\":\"es\",\"@id\":\"https:\/\/herramientaspormayor.cl\/#\/schema\/logo\/image\/\",\"url\":\"https:\/\/herramientaspormayor.cl\/wp-content\/uploads\/2023\/01\/Logo-proind-1.jpg\",\"contentUrl\":\"https:\/\/herramientaspormayor.cl\/wp-content\/uploads\/2023\/01\/Logo-proind-1.jpg\",\"width\":400,\"height\":180,\"caption\":\"Herramientas por mayor\"},\"image\":{\"@id\":\"https:\/\/herramientaspormayor.cl\/#\/schema\/logo\/image\/\"}}]}<\/script>\n<!-- \/ Yoast SEO Premium plugin. -->","yoast_head_json":{"title":"LINTERNA CON 9LED USO PILA 3XAAA HOTECHE | Herramientas por mayor","robots":{"index":"index","follow":"follow","max-snippet":"max-snippet:-1","max-image-preview":"max-image-preview:large","max-video-preview":"max-video-preview:-1"},"canonical":"https:\/\/herramientaspormayor.cl\/index.php\/product\/linterna-con-9led-uso-pila-3xaaa-hoteche-cod-440001\/","og_locale":"es_ES","og_type":"article","og_title":"LINTERNA CON 9LED USO PILA 3XAAA HOTECHE","og_description":"Linterna 9LED _x000D_ material: aluminio aeron\u00e1utico _x000D_ Tipo de LED: 9 LED _x000D_ tipo de bater\u00eda: 3xAAA _x000D_ tama\u00f1o: \u03a627x88mm","og_url":"https:\/\/herramientaspormayor.cl\/index.php\/product\/linterna-con-9led-uso-pila-3xaaa-hoteche-cod-440001\/","og_site_name":"Herramientas por mayor","article_modified_time":"2023-07-29T17:34:11+00:00","og_image":[{"width":875,"height":870,"url":"https:\/\/herramientaspormayor.cl\/wp-content\/uploads\/2023\/02\/440001.jpg","type":"image\/jpeg"}],"twitter_card":"summary_large_image","schema":{"@context":"https:\/\/schema.org","@graph":[{"@type":"WebPage","@id":"https:\/\/herramientaspormayor.cl\/index.php\/product\/linterna-con-9led-uso-pila-3xaaa-hoteche-cod-440001\/","url":"https:\/\/herramientaspormayor.cl\/index.php\/product\/linterna-con-9led-uso-pila-3xaaa-hoteche-cod-440001\/","name":"LINTERNA CON 9LED USO PILA 3XAAA HOTECHE | Herramientas por mayor","isPartOf":{"@id":"https:\/\/herramientaspormayor.cl\/#website"},"datePublished":"2023-02-14T21:36:19+00:00","dateModified":"2023-07-29T17:34:11+00:00","breadcrumb":{"@id":"https:\/\/herramientaspormayor.cl\/index.php\/product\/linterna-con-9led-uso-pila-3xaaa-hoteche-cod-440001\/#breadcrumb"},"inLanguage":"es","potentialAction":[{"@type":"ReadAction","target":["https:\/\/herramientaspormayor.cl\/index.php\/product\/linterna-con-9led-uso-pila-3xaaa-hoteche-cod-440001\/"]}]},{"@type":"BreadcrumbList","@id":"https:\/\/herramientaspormayor.cl\/index.php\/product\/linterna-con-9led-uso-pila-3xaaa-hoteche-cod-440001\/#breadcrumb","itemListElement":[{"@type":"ListItem","position":1,"name":"Home","item":"https:\/\/herramientaspormayor.cl\/"},{"@type":"ListItem","position":2,"name":"Tienda","item":"https:\/\/herramientaspormayor.cl\/index.php\/shop-default\/"},{"@type":"ListItem","position":3,"name":"LINTERNA CON 9LED USO PILA 3XAAA HOTECHE"}]},{"@type":"WebSite","@id":"https:\/\/herramientaspormayor.cl\/#website","url":"https:\/\/herramientaspormayor.cl\/","name":"Herramientas por mayor","description":"Proveedores de herramientas por mayor en chile.","publisher":{"@id":"https:\/\/herramientaspormayor.cl\/#organization"},"alternateName":"Ferreter\u00eda por mayor","potentialAction":[{"@type":"SearchAction","target":{"@type":"EntryPoint","urlTemplate":"https:\/\/herramientaspormayor.cl\/?s={search_term_string}"},"query-input":"required name=search_term_string"}],"inLanguage":"es"},{"@type":"Organization","@id":"https:\/\/herramientaspormayor.cl\/#organization","name":"Herramientas por mayor","url":"https:\/\/herramientaspormayor.cl\/","logo":{"@type":"ImageObject","inLanguage":"es","@id":"https:\/\/herramientaspormayor.cl\/#\/schema\/logo\/image\/","url":"https:\/\/herramientaspormayor.cl\/wp-content\/uploads\/2023\/01\/Logo-proind-1.jpg","contentUrl":"https:\/\/herramientaspormayor.cl\/wp-content\/uploads\/2023\/01\/Logo-proind-1.jpg","width":400,"height":180,"caption":"Herramientas por mayor"},"image":{"@id":"https:\/\/herramientaspormayor.cl\/#\/schema\/logo\/image\/"}}]}},"_links":{"self":[{"href":"https:\/\/herramientaspormayor.cl\/index.php\/wp-json\/wp\/v2\/product\/48607"}],"collection":[{"href":"https:\/\/herramientaspormayor.cl\/index.php\/wp-json\/wp\/v2\/product"}],"about":[{"href":"https:\/\/herramientaspormayor.cl\/index.php\/wp-json\/wp\/v2\/types\/product"}],"replies":[{"embeddable":true,"href":"https:\/\/herramientaspormayor.cl\/index.php\/wp-json\/wp\/v2\/comments?post=48607"}],"version-history":[{"count":4,"href":"https:\/\/herramientaspormayor.cl\/index.php\/wp-json\/wp\/v2\/product\/48607\/revisions"}],"predecessor-version":[{"id":53861,"href":"https:\/\/herramientaspormayor.cl\/index.php\/wp-json\/wp\/v2\/product\/48607\/revisions\/53861"}],"wp:featuredmedia":[{"embeddable":true,"href":"https:\/\/herramientaspormayor.cl\/index.php\/wp-json\/wp\/v2\/media\/47034"}],"wp:attachment":[{"href":"https:\/\/herramientaspormayor.cl\/index.php\/wp-json\/wp\/v2\/media?parent=48607"}],"wp:term":[{"taxonomy":"product_cat","embeddable":true,"href":"https:\/\/herramientaspormayor.cl\/index.php\/wp-json\/wp\/v2\/product_cat?post=48607"},{"taxonomy":"product_tag","embeddable":true,"href":"https:\/\/herramientaspormayor.cl\/index.php\/wp-json\/wp\/v2\/product_tag?post=48607"}],"curies":[{"name":"wp","href":"https:\/\/api.w.org\/{rel}","templated":true}]}}