{"id":49433,"date":"2023-02-14T21:37:14","date_gmt":"2023-02-14T21:37:14","guid":{"rendered":"https:\/\/herramientaspormayor.cl\/index.php\/product\/cargador-de-bateria-para-auto-6v-2a-12v-10a-industrial-hoteche-cod-p817210\/"},"modified":"2023-08-02T18:14:24","modified_gmt":"2023-08-02T18:14:24","slug":"cargador-de-bateria-para-auto-6v-2a-12v-10a-industrial-hoteche-cod-p817210","status":"publish","type":"product","link":"https:\/\/herramientaspormayor.cl\/index.php\/product\/cargador-de-bateria-para-auto-6v-2a-12v-10a-industrial-hoteche-cod-p817210\/","title":{"rendered":"CARGADOR DE BATERIA PARA AUTO 6V 2A \/12V 10A INDUSTRIAL HOTECHE"},"content":{"rendered":"<p style=\"text-align: center;\">&#8211; Cargador de bater\u00eda autom\u00e1tico totalmente met\u00e1lico de 6 V o 12 V_x000D_<br \/>\n&#8211; El cargador es apto para bater\u00edas de gel, AGM y plomo con una_x000D_<br \/>\ncapacidad entre 3 &#8211; 200 Ah._x000D_<br \/>\n&#8211; Gracias a las funciones inteligentes del cargador, la seguridad y la_x000D_<br \/>\nvelocidad de carga ideal est\u00e1n garantizadas en todo momento._x000D_<br \/>\nJusto antes de alcanzar la capacidad m\u00e1xima, el cargador cambia a_x000D_<br \/>\nuna corriente m\u00e1s baja para lograr una carga completa._x000D_<br \/>\n&#8211; El cargador tiene una velocidad de carga adaptable y puede cargar_x000D_<br \/>\ntanto lenta como r\u00e1pidamente._x000D_<br \/>\n&#8211; La pantalla LCD retroiluminada muestra claramente todos los datos_x000D_<br \/>\nde carga importantes._x000D_<br \/>\n&#8211; Carga de 6 V\/ 2 A y 12 V\/ 10 A._x000D_<br \/>\n&#8211; Alimentaci\u00f3n por cable el\u00e9ctrico 230 V 50 Hz.<\/p>\n","protected":false},"excerpt":{"rendered":"<p>&#8211; Cargador de bater\u00eda autom\u00e1tico totalmente met\u00e1lico de 6 V o 12 V_x000D_ &#8211; El cargador es apto para bater\u00edas<\/p>\n","protected":false},"featured_media":46882,"comment_status":"closed","ping_status":"closed","template":"","meta":[],"product_cat":[257],"product_tag":[],"yoast_head":"<!-- This site is optimized with the Yoast SEO Premium plugin v19.6 (Yoast SEO v19.12) - https:\/\/yoast.com\/wordpress\/plugins\/seo\/ -->\n<title>CARGADOR DE BATERIA PARA AUTO 6V 2A \/12V 10A INDUSTRIAL HOTECHE | Herramientas por mayor<\/title>\n<meta name=\"robots\" content=\"index, follow, max-snippet:-1, max-image-preview:large, max-video-preview:-1\" \/>\n<link rel=\"canonical\" href=\"https:\/\/herramientaspormayor.cl\/index.php\/product\/cargador-de-bateria-para-auto-6v-2a-12v-10a-industrial-hoteche-cod-p817210\/\" \/>\n<meta property=\"og:locale\" content=\"es_ES\" \/>\n<meta property=\"og:type\" content=\"article\" \/>\n<meta property=\"og:title\" content=\"CARGADOR DE BATERIA PARA AUTO 6V 2A \/12V 10A INDUSTRIAL HOTECHE\" \/>\n<meta property=\"og:description\" content=\"&#8211; Cargador de bater\u00eda autom\u00e1tico totalmente met\u00e1lico de 6 V o 12 V_x000D_ &#8211; El cargador es apto para bater\u00edas\" \/>\n<meta property=\"og:url\" content=\"https:\/\/herramientaspormayor.cl\/index.php\/product\/cargador-de-bateria-para-auto-6v-2a-12v-10a-industrial-hoteche-cod-p817210\/\" \/>\n<meta property=\"og:site_name\" content=\"Herramientas por mayor\" \/>\n<meta property=\"article:modified_time\" content=\"2023-08-02T18:14:24+00:00\" \/>\n<meta property=\"og:image\" content=\"https:\/\/herramientaspormayor.cl\/wp-content\/uploads\/2023\/02\/P817210.jpg\" \/>\n\t<meta property=\"og:image:width\" content=\"1000\" \/>\n\t<meta property=\"og:image:height\" content=\"1000\" \/>\n\t<meta property=\"og:image:type\" content=\"image\/jpeg\" \/>\n<meta name=\"twitter:card\" content=\"summary_large_image\" \/>\n<meta name=\"twitter:label1\" content=\"Tiempo de lectura\" \/>\n\t<meta name=\"twitter:data1\" content=\"1 minuto\" \/>\n<script type=\"application\/ld+json\" class=\"yoast-schema-graph\">{\"@context\":\"https:\/\/schema.org\",\"@graph\":[{\"@type\":\"WebPage\",\"@id\":\"https:\/\/herramientaspormayor.cl\/index.php\/product\/cargador-de-bateria-para-auto-6v-2a-12v-10a-industrial-hoteche-cod-p817210\/\",\"url\":\"https:\/\/herramientaspormayor.cl\/index.php\/product\/cargador-de-bateria-para-auto-6v-2a-12v-10a-industrial-hoteche-cod-p817210\/\",\"name\":\"CARGADOR DE BATERIA PARA AUTO 6V 2A \/12V 10A INDUSTRIAL HOTECHE | Herramientas por mayor\",\"isPartOf\":{\"@id\":\"https:\/\/herramientaspormayor.cl\/#website\"},\"datePublished\":\"2023-02-14T21:37:14+00:00\",\"dateModified\":\"2023-08-02T18:14:24+00:00\",\"breadcrumb\":{\"@id\":\"https:\/\/herramientaspormayor.cl\/index.php\/product\/cargador-de-bateria-para-auto-6v-2a-12v-10a-industrial-hoteche-cod-p817210\/#breadcrumb\"},\"inLanguage\":\"es\",\"potentialAction\":[{\"@type\":\"ReadAction\",\"target\":[\"https:\/\/herramientaspormayor.cl\/index.php\/product\/cargador-de-bateria-para-auto-6v-2a-12v-10a-industrial-hoteche-cod-p817210\/\"]}]},{\"@type\":\"BreadcrumbList\",\"@id\":\"https:\/\/herramientaspormayor.cl\/index.php\/product\/cargador-de-bateria-para-auto-6v-2a-12v-10a-industrial-hoteche-cod-p817210\/#breadcrumb\",\"itemListElement\":[{\"@type\":\"ListItem\",\"position\":1,\"name\":\"Home\",\"item\":\"https:\/\/herramientaspormayor.cl\/\"},{\"@type\":\"ListItem\",\"position\":2,\"name\":\"Tienda\",\"item\":\"https:\/\/herramientaspormayor.cl\/index.php\/shop-default\/\"},{\"@type\":\"ListItem\",\"position\":3,\"name\":\"CARGADOR DE BATERIA PARA AUTO 6V 2A \/12V 10A INDUSTRIAL HOTECHE\"}]},{\"@type\":\"WebSite\",\"@id\":\"https:\/\/herramientaspormayor.cl\/#website\",\"url\":\"https:\/\/herramientaspormayor.cl\/\",\"name\":\"Herramientas por mayor\",\"description\":\"Proveedores de herramientas por mayor en chile.\",\"publisher\":{\"@id\":\"https:\/\/herramientaspormayor.cl\/#organization\"},\"alternateName\":\"Ferreter\u00eda por mayor\",\"potentialAction\":[{\"@type\":\"SearchAction\",\"target\":{\"@type\":\"EntryPoint\",\"urlTemplate\":\"https:\/\/herramientaspormayor.cl\/?s={search_term_string}\"},\"query-input\":\"required name=search_term_string\"}],\"inLanguage\":\"es\"},{\"@type\":\"Organization\",\"@id\":\"https:\/\/herramientaspormayor.cl\/#organization\",\"name\":\"Herramientas por mayor\",\"url\":\"https:\/\/herramientaspormayor.cl\/\",\"logo\":{\"@type\":\"ImageObject\",\"inLanguage\":\"es\",\"@id\":\"https:\/\/herramientaspormayor.cl\/#\/schema\/logo\/image\/\",\"url\":\"https:\/\/herramientaspormayor.cl\/wp-content\/uploads\/2023\/01\/Logo-proind-1.jpg\",\"contentUrl\":\"https:\/\/herramientaspormayor.cl\/wp-content\/uploads\/2023\/01\/Logo-proind-1.jpg\",\"width\":400,\"height\":180,\"caption\":\"Herramientas por mayor\"},\"image\":{\"@id\":\"https:\/\/herramientaspormayor.cl\/#\/schema\/logo\/image\/\"}}]}<\/script>\n<!-- \/ Yoast SEO Premium plugin. -->","yoast_head_json":{"title":"CARGADOR DE BATERIA PARA AUTO 6V 2A \/12V 10A INDUSTRIAL HOTECHE | Herramientas por mayor","robots":{"index":"index","follow":"follow","max-snippet":"max-snippet:-1","max-image-preview":"max-image-preview:large","max-video-preview":"max-video-preview:-1"},"canonical":"https:\/\/herramientaspormayor.cl\/index.php\/product\/cargador-de-bateria-para-auto-6v-2a-12v-10a-industrial-hoteche-cod-p817210\/","og_locale":"es_ES","og_type":"article","og_title":"CARGADOR DE BATERIA PARA AUTO 6V 2A \/12V 10A INDUSTRIAL HOTECHE","og_description":"&#8211; Cargador de bater\u00eda autom\u00e1tico totalmente met\u00e1lico de 6 V o 12 V_x000D_ &#8211; El cargador es apto para bater\u00edas","og_url":"https:\/\/herramientaspormayor.cl\/index.php\/product\/cargador-de-bateria-para-auto-6v-2a-12v-10a-industrial-hoteche-cod-p817210\/","og_site_name":"Herramientas por mayor","article_modified_time":"2023-08-02T18:14:24+00:00","og_image":[{"width":1000,"height":1000,"url":"https:\/\/herramientaspormayor.cl\/wp-content\/uploads\/2023\/02\/P817210.jpg","type":"image\/jpeg"}],"twitter_card":"summary_large_image","twitter_misc":{"Tiempo de lectura":"1 minuto"},"schema":{"@context":"https:\/\/schema.org","@graph":[{"@type":"WebPage","@id":"https:\/\/herramientaspormayor.cl\/index.php\/product\/cargador-de-bateria-para-auto-6v-2a-12v-10a-industrial-hoteche-cod-p817210\/","url":"https:\/\/herramientaspormayor.cl\/index.php\/product\/cargador-de-bateria-para-auto-6v-2a-12v-10a-industrial-hoteche-cod-p817210\/","name":"CARGADOR DE BATERIA PARA AUTO 6V 2A \/12V 10A INDUSTRIAL HOTECHE | Herramientas por mayor","isPartOf":{"@id":"https:\/\/herramientaspormayor.cl\/#website"},"datePublished":"2023-02-14T21:37:14+00:00","dateModified":"2023-08-02T18:14:24+00:00","breadcrumb":{"@id":"https:\/\/herramientaspormayor.cl\/index.php\/product\/cargador-de-bateria-para-auto-6v-2a-12v-10a-industrial-hoteche-cod-p817210\/#breadcrumb"},"inLanguage":"es","potentialAction":[{"@type":"ReadAction","target":["https:\/\/herramientaspormayor.cl\/index.php\/product\/cargador-de-bateria-para-auto-6v-2a-12v-10a-industrial-hoteche-cod-p817210\/"]}]},{"@type":"BreadcrumbList","@id":"https:\/\/herramientaspormayor.cl\/index.php\/product\/cargador-de-bateria-para-auto-6v-2a-12v-10a-industrial-hoteche-cod-p817210\/#breadcrumb","itemListElement":[{"@type":"ListItem","position":1,"name":"Home","item":"https:\/\/herramientaspormayor.cl\/"},{"@type":"ListItem","position":2,"name":"Tienda","item":"https:\/\/herramientaspormayor.cl\/index.php\/shop-default\/"},{"@type":"ListItem","position":3,"name":"CARGADOR DE BATERIA PARA AUTO 6V 2A \/12V 10A INDUSTRIAL HOTECHE"}]},{"@type":"WebSite","@id":"https:\/\/herramientaspormayor.cl\/#website","url":"https:\/\/herramientaspormayor.cl\/","name":"Herramientas por mayor","description":"Proveedores de herramientas por mayor en chile.","publisher":{"@id":"https:\/\/herramientaspormayor.cl\/#organization"},"alternateName":"Ferreter\u00eda por mayor","potentialAction":[{"@type":"SearchAction","target":{"@type":"EntryPoint","urlTemplate":"https:\/\/herramientaspormayor.cl\/?s={search_term_string}"},"query-input":"required name=search_term_string"}],"inLanguage":"es"},{"@type":"Organization","@id":"https:\/\/herramientaspormayor.cl\/#organization","name":"Herramientas por mayor","url":"https:\/\/herramientaspormayor.cl\/","logo":{"@type":"ImageObject","inLanguage":"es","@id":"https:\/\/herramientaspormayor.cl\/#\/schema\/logo\/image\/","url":"https:\/\/herramientaspormayor.cl\/wp-content\/uploads\/2023\/01\/Logo-proind-1.jpg","contentUrl":"https:\/\/herramientaspormayor.cl\/wp-content\/uploads\/2023\/01\/Logo-proind-1.jpg","width":400,"height":180,"caption":"Herramientas por mayor"},"image":{"@id":"https:\/\/herramientaspormayor.cl\/#\/schema\/logo\/image\/"}}]}},"_links":{"self":[{"href":"https:\/\/herramientaspormayor.cl\/index.php\/wp-json\/wp\/v2\/product\/49433"}],"collection":[{"href":"https:\/\/herramientaspormayor.cl\/index.php\/wp-json\/wp\/v2\/product"}],"about":[{"href":"https:\/\/herramientaspormayor.cl\/index.php\/wp-json\/wp\/v2\/types\/product"}],"replies":[{"embeddable":true,"href":"https:\/\/herramientaspormayor.cl\/index.php\/wp-json\/wp\/v2\/comments?post=49433"}],"version-history":[{"count":5,"href":"https:\/\/herramientaspormayor.cl\/index.php\/wp-json\/wp\/v2\/product\/49433\/revisions"}],"predecessor-version":[{"id":54263,"href":"https:\/\/herramientaspormayor.cl\/index.php\/wp-json\/wp\/v2\/product\/49433\/revisions\/54263"}],"wp:featuredmedia":[{"embeddable":true,"href":"https:\/\/herramientaspormayor.cl\/index.php\/wp-json\/wp\/v2\/media\/46882"}],"wp:attachment":[{"href":"https:\/\/herramientaspormayor.cl\/index.php\/wp-json\/wp\/v2\/media?parent=49433"}],"wp:term":[{"taxonomy":"product_cat","embeddable":true,"href":"https:\/\/herramientaspormayor.cl\/index.php\/wp-json\/wp\/v2\/product_cat?post=49433"},{"taxonomy":"product_tag","embeddable":true,"href":"https:\/\/herramientaspormayor.cl\/index.php\/wp-json\/wp\/v2\/product_tag?post=49433"}],"curies":[{"name":"wp","href":"https:\/\/api.w.org\/{rel}","templated":true}]}}