{"id":51085,"date":"2023-05-09T15:13:03","date_gmt":"2023-05-09T15:13:03","guid":{"rendered":"https:\/\/herramientaspormayor.cl\/?post_type=product&#038;p=51085"},"modified":"2023-07-19T21:49:14","modified_gmt":"2023-07-19T21:49:14","slug":"rueda-pa-yegua-inflable-8-2-50x4-negra-akilda-gys051-cod-a0002-254","status":"publish","type":"product","link":"https:\/\/herramientaspormayor.cl\/index.php\/product\/rueda-pa-yegua-inflable-8-2-50x4-negra-akilda-gys051-cod-a0002-254\/","title":{"rendered":"RUEDA PARA YEGUA INFLABLE 8&#8243; 2.50&#215;4 NEGRO"},"content":{"rendered":"<p style=\"text-align: center;\">* Caracter\u00edsticas:_x000D_<br \/>\n&#8211; Capacidad de carga: 113 kg._x000D_<br \/>\n&#8211; Presi\u00f3n m\u00e1xima: 30 PSI \/ 2 Bar._x000D_<br \/>\n&#8211; C\u00e1mara con v\u00e1lvula._x000D_<br \/>\n&#8211; Rueda desmontable._x000D_<br \/>\n* Medidas:_x000D_<br \/>\n&#8211; Ancho de la rueda: 57 mm._x000D_<br \/>\n&#8211; Di\u00e1metro de la rueda: 8&#8243; (21 cm)._x000D_<br \/>\n&#8211; Di\u00e1metro del eje: 5\/8&#8243; (16 mm)._x000D_<br \/>\n&#8211; Longitud del buje: 44 mm.<\/p>\n","protected":false},"excerpt":{"rendered":"<p>* Caracter\u00edsticas:_x000D_ &#8211; Capacidad de carga: 113 kg._x000D_ &#8211; Presi\u00f3n m\u00e1xima: 30 PSI \/ 2 Bar._x000D_ &#8211; C\u00e1mara con v\u00e1lvula._x000D_<\/p>\n","protected":false},"featured_media":51088,"comment_status":"open","ping_status":"closed","template":"","meta":[],"product_cat":[],"product_tag":[],"yoast_head":"<!-- This site is optimized with the Yoast SEO Premium plugin v19.6 (Yoast SEO v19.12) - https:\/\/yoast.com\/wordpress\/plugins\/seo\/ -->\n<title>RUEDA PARA YEGUA INFLABLE 8&quot; 2.50x4 NEGRO | Herramientas por mayor<\/title>\n<meta name=\"robots\" content=\"index, follow, max-snippet:-1, max-image-preview:large, max-video-preview:-1\" \/>\n<link rel=\"canonical\" href=\"https:\/\/herramientaspormayor.cl\/index.php\/product\/rueda-pa-yegua-inflable-8-2-50x4-negra-akilda-gys051-cod-a0002-254\/\" \/>\n<meta property=\"og:locale\" content=\"es_ES\" \/>\n<meta property=\"og:type\" content=\"article\" \/>\n<meta property=\"og:title\" content=\"RUEDA PARA YEGUA INFLABLE 8&quot; 2.50x4 NEGRO\" \/>\n<meta property=\"og:description\" content=\"* Caracter\u00edsticas:_x000D_ &#8211; Capacidad de carga: 113 kg._x000D_ &#8211; Presi\u00f3n m\u00e1xima: 30 PSI \/ 2 Bar._x000D_ &#8211; C\u00e1mara con v\u00e1lvula._x000D_\" \/>\n<meta property=\"og:url\" content=\"https:\/\/herramientaspormayor.cl\/index.php\/product\/rueda-pa-yegua-inflable-8-2-50x4-negra-akilda-gys051-cod-a0002-254\/\" \/>\n<meta property=\"og:site_name\" content=\"Herramientas por mayor\" \/>\n<meta property=\"article:modified_time\" content=\"2023-07-19T21:49:14+00:00\" \/>\n<meta property=\"og:image\" content=\"https:\/\/herramientaspormayor.cl\/wp-content\/uploads\/2023\/05\/A0002-254.jpg\" \/>\n\t<meta property=\"og:image:width\" content=\"605\" \/>\n\t<meta property=\"og:image:height\" content=\"612\" \/>\n\t<meta property=\"og:image:type\" content=\"image\/jpeg\" \/>\n<meta name=\"twitter:card\" content=\"summary_large_image\" \/>\n<script type=\"application\/ld+json\" class=\"yoast-schema-graph\">{\"@context\":\"https:\/\/schema.org\",\"@graph\":[{\"@type\":\"WebPage\",\"@id\":\"https:\/\/herramientaspormayor.cl\/index.php\/product\/rueda-pa-yegua-inflable-8-2-50x4-negra-akilda-gys051-cod-a0002-254\/\",\"url\":\"https:\/\/herramientaspormayor.cl\/index.php\/product\/rueda-pa-yegua-inflable-8-2-50x4-negra-akilda-gys051-cod-a0002-254\/\",\"name\":\"RUEDA PARA YEGUA INFLABLE 8\\\" 2.50x4 NEGRO | Herramientas por mayor\",\"isPartOf\":{\"@id\":\"https:\/\/herramientaspormayor.cl\/#website\"},\"datePublished\":\"2023-05-09T15:13:03+00:00\",\"dateModified\":\"2023-07-19T21:49:14+00:00\",\"breadcrumb\":{\"@id\":\"https:\/\/herramientaspormayor.cl\/index.php\/product\/rueda-pa-yegua-inflable-8-2-50x4-negra-akilda-gys051-cod-a0002-254\/#breadcrumb\"},\"inLanguage\":\"es\",\"potentialAction\":[{\"@type\":\"ReadAction\",\"target\":[\"https:\/\/herramientaspormayor.cl\/index.php\/product\/rueda-pa-yegua-inflable-8-2-50x4-negra-akilda-gys051-cod-a0002-254\/\"]}]},{\"@type\":\"BreadcrumbList\",\"@id\":\"https:\/\/herramientaspormayor.cl\/index.php\/product\/rueda-pa-yegua-inflable-8-2-50x4-negra-akilda-gys051-cod-a0002-254\/#breadcrumb\",\"itemListElement\":[{\"@type\":\"ListItem\",\"position\":1,\"name\":\"Home\",\"item\":\"https:\/\/herramientaspormayor.cl\/\"},{\"@type\":\"ListItem\",\"position\":2,\"name\":\"Tienda\",\"item\":\"https:\/\/herramientaspormayor.cl\/index.php\/shop-default\/\"},{\"@type\":\"ListItem\",\"position\":3,\"name\":\"RUEDA PARA YEGUA INFLABLE 8&#8243; 2.50&#215;4 NEGRO\"}]},{\"@type\":\"WebSite\",\"@id\":\"https:\/\/herramientaspormayor.cl\/#website\",\"url\":\"https:\/\/herramientaspormayor.cl\/\",\"name\":\"Herramientas por mayor\",\"description\":\"Proveedores de herramientas por mayor en chile.\",\"publisher\":{\"@id\":\"https:\/\/herramientaspormayor.cl\/#organization\"},\"alternateName\":\"Ferreter\u00eda por mayor\",\"potentialAction\":[{\"@type\":\"SearchAction\",\"target\":{\"@type\":\"EntryPoint\",\"urlTemplate\":\"https:\/\/herramientaspormayor.cl\/?s={search_term_string}\"},\"query-input\":\"required name=search_term_string\"}],\"inLanguage\":\"es\"},{\"@type\":\"Organization\",\"@id\":\"https:\/\/herramientaspormayor.cl\/#organization\",\"name\":\"Herramientas por mayor\",\"url\":\"https:\/\/herramientaspormayor.cl\/\",\"logo\":{\"@type\":\"ImageObject\",\"inLanguage\":\"es\",\"@id\":\"https:\/\/herramientaspormayor.cl\/#\/schema\/logo\/image\/\",\"url\":\"https:\/\/herramientaspormayor.cl\/wp-content\/uploads\/2023\/01\/Logo-proind-1.jpg\",\"contentUrl\":\"https:\/\/herramientaspormayor.cl\/wp-content\/uploads\/2023\/01\/Logo-proind-1.jpg\",\"width\":400,\"height\":180,\"caption\":\"Herramientas por mayor\"},\"image\":{\"@id\":\"https:\/\/herramientaspormayor.cl\/#\/schema\/logo\/image\/\"}}]}<\/script>\n<!-- \/ Yoast SEO Premium plugin. -->","yoast_head_json":{"title":"RUEDA PARA YEGUA INFLABLE 8\" 2.50x4 NEGRO | Herramientas por mayor","robots":{"index":"index","follow":"follow","max-snippet":"max-snippet:-1","max-image-preview":"max-image-preview:large","max-video-preview":"max-video-preview:-1"},"canonical":"https:\/\/herramientaspormayor.cl\/index.php\/product\/rueda-pa-yegua-inflable-8-2-50x4-negra-akilda-gys051-cod-a0002-254\/","og_locale":"es_ES","og_type":"article","og_title":"RUEDA PARA YEGUA INFLABLE 8\" 2.50x4 NEGRO","og_description":"* Caracter\u00edsticas:_x000D_ &#8211; Capacidad de carga: 113 kg._x000D_ &#8211; Presi\u00f3n m\u00e1xima: 30 PSI \/ 2 Bar._x000D_ &#8211; C\u00e1mara con v\u00e1lvula._x000D_","og_url":"https:\/\/herramientaspormayor.cl\/index.php\/product\/rueda-pa-yegua-inflable-8-2-50x4-negra-akilda-gys051-cod-a0002-254\/","og_site_name":"Herramientas por mayor","article_modified_time":"2023-07-19T21:49:14+00:00","og_image":[{"width":605,"height":612,"url":"https:\/\/herramientaspormayor.cl\/wp-content\/uploads\/2023\/05\/A0002-254.jpg","type":"image\/jpeg"}],"twitter_card":"summary_large_image","schema":{"@context":"https:\/\/schema.org","@graph":[{"@type":"WebPage","@id":"https:\/\/herramientaspormayor.cl\/index.php\/product\/rueda-pa-yegua-inflable-8-2-50x4-negra-akilda-gys051-cod-a0002-254\/","url":"https:\/\/herramientaspormayor.cl\/index.php\/product\/rueda-pa-yegua-inflable-8-2-50x4-negra-akilda-gys051-cod-a0002-254\/","name":"RUEDA PARA YEGUA INFLABLE 8\" 2.50x4 NEGRO | Herramientas por mayor","isPartOf":{"@id":"https:\/\/herramientaspormayor.cl\/#website"},"datePublished":"2023-05-09T15:13:03+00:00","dateModified":"2023-07-19T21:49:14+00:00","breadcrumb":{"@id":"https:\/\/herramientaspormayor.cl\/index.php\/product\/rueda-pa-yegua-inflable-8-2-50x4-negra-akilda-gys051-cod-a0002-254\/#breadcrumb"},"inLanguage":"es","potentialAction":[{"@type":"ReadAction","target":["https:\/\/herramientaspormayor.cl\/index.php\/product\/rueda-pa-yegua-inflable-8-2-50x4-negra-akilda-gys051-cod-a0002-254\/"]}]},{"@type":"BreadcrumbList","@id":"https:\/\/herramientaspormayor.cl\/index.php\/product\/rueda-pa-yegua-inflable-8-2-50x4-negra-akilda-gys051-cod-a0002-254\/#breadcrumb","itemListElement":[{"@type":"ListItem","position":1,"name":"Home","item":"https:\/\/herramientaspormayor.cl\/"},{"@type":"ListItem","position":2,"name":"Tienda","item":"https:\/\/herramientaspormayor.cl\/index.php\/shop-default\/"},{"@type":"ListItem","position":3,"name":"RUEDA PARA YEGUA INFLABLE 8&#8243; 2.50&#215;4 NEGRO"}]},{"@type":"WebSite","@id":"https:\/\/herramientaspormayor.cl\/#website","url":"https:\/\/herramientaspormayor.cl\/","name":"Herramientas por mayor","description":"Proveedores de herramientas por mayor en chile.","publisher":{"@id":"https:\/\/herramientaspormayor.cl\/#organization"},"alternateName":"Ferreter\u00eda por mayor","potentialAction":[{"@type":"SearchAction","target":{"@type":"EntryPoint","urlTemplate":"https:\/\/herramientaspormayor.cl\/?s={search_term_string}"},"query-input":"required name=search_term_string"}],"inLanguage":"es"},{"@type":"Organization","@id":"https:\/\/herramientaspormayor.cl\/#organization","name":"Herramientas por mayor","url":"https:\/\/herramientaspormayor.cl\/","logo":{"@type":"ImageObject","inLanguage":"es","@id":"https:\/\/herramientaspormayor.cl\/#\/schema\/logo\/image\/","url":"https:\/\/herramientaspormayor.cl\/wp-content\/uploads\/2023\/01\/Logo-proind-1.jpg","contentUrl":"https:\/\/herramientaspormayor.cl\/wp-content\/uploads\/2023\/01\/Logo-proind-1.jpg","width":400,"height":180,"caption":"Herramientas por mayor"},"image":{"@id":"https:\/\/herramientaspormayor.cl\/#\/schema\/logo\/image\/"}}]}},"_links":{"self":[{"href":"https:\/\/herramientaspormayor.cl\/index.php\/wp-json\/wp\/v2\/product\/51085"}],"collection":[{"href":"https:\/\/herramientaspormayor.cl\/index.php\/wp-json\/wp\/v2\/product"}],"about":[{"href":"https:\/\/herramientaspormayor.cl\/index.php\/wp-json\/wp\/v2\/types\/product"}],"replies":[{"embeddable":true,"href":"https:\/\/herramientaspormayor.cl\/index.php\/wp-json\/wp\/v2\/comments?post=51085"}],"version-history":[{"count":5,"href":"https:\/\/herramientaspormayor.cl\/index.php\/wp-json\/wp\/v2\/product\/51085\/revisions"}],"predecessor-version":[{"id":52986,"href":"https:\/\/herramientaspormayor.cl\/index.php\/wp-json\/wp\/v2\/product\/51085\/revisions\/52986"}],"wp:featuredmedia":[{"embeddable":true,"href":"https:\/\/herramientaspormayor.cl\/index.php\/wp-json\/wp\/v2\/media\/51088"}],"wp:attachment":[{"href":"https:\/\/herramientaspormayor.cl\/index.php\/wp-json\/wp\/v2\/media?parent=51085"}],"wp:term":[{"taxonomy":"product_cat","embeddable":true,"href":"https:\/\/herramientaspormayor.cl\/index.php\/wp-json\/wp\/v2\/product_cat?post=51085"},{"taxonomy":"product_tag","embeddable":true,"href":"https:\/\/herramientaspormayor.cl\/index.php\/wp-json\/wp\/v2\/product_tag?post=51085"}],"curies":[{"name":"wp","href":"https:\/\/api.w.org\/{rel}","templated":true}]}}