{"id":54500,"date":"2024-09-15T16:35:32","date_gmt":"2024-09-15T16:35:32","guid":{"rendered":"https:\/\/herramientaspormayor.cl\/?post_type=product&#038;p=54500"},"modified":"2024-09-16T15:02:20","modified_gmt":"2024-09-16T15:02:20","slug":"alicate-electricista-universal-8-5-multifuncional-hoteche","status":"publish","type":"product","link":"https:\/\/herramientaspormayor.cl\/index.php\/product\/alicate-electricista-universal-8-5-multifuncional-hoteche\/","title":{"rendered":"ALICATE ELECTRICISTA UNIVERSAL 8.5&#8243; MULTIFUNCIONAL HOTECHE"},"content":{"rendered":"<p style=\"text-align: center;\">Alicates de acero exc\u00e9ntricos de grado industrial que ahorran mano de obra, fabricados en acero al cromo vanadio, con bordes cortantes afilados<br \/>\nVentajas del producto:<br \/>\n1. El acero al cromo vanadio tiene una alta dureza de forjado.<br \/>\n2. Es f\u00e1cil de usar.<br \/>\n3. El dise\u00f1o exc\u00e9ntrico ahorra esfuerzo de corte.<br \/>\n4. El temple de alta frecuencia HRC58 tiene una alta dureza.<br \/>\n5. Es f\u00e1cil de transportar.<br \/>\n6. Mango antideslizante<br \/>\nDise\u00f1o de mecanismo exc\u00e9ntrico, corte r\u00e1pido, operaci\u00f3n que ahorra mano de obra<br \/>\nFuerte fuerza de corte, puertos limpios<br \/>\nAbertura ensanchada para sujetar f\u00e1cilmente elementos de 50 mm<br \/>\nLa parte de sujeci\u00f3n est\u00e1 dise\u00f1ada con dientes de flor, lo que facilita el giro de tornillos y tuercas<br \/>\nTemplado y endurecido, forjado con acero al cromo vanadio<br \/>\nTratamiento de acabado de superficie, menos propenso a oxidarse<br \/>\nMango recubierto de TPR para un agarre c\u00f3modo<\/p>\n","protected":false},"excerpt":{"rendered":"<p>Alicates de acero exc\u00e9ntricos de grado industrial que ahorran mano de obra, fabricados en acero al cromo vanadio, con bordes<\/p>\n","protected":false},"featured_media":54501,"comment_status":"open","ping_status":"closed","template":"","meta":[],"product_cat":[246],"product_tag":[],"yoast_head":"<!-- This site is optimized with the Yoast SEO Premium plugin v19.6 (Yoast SEO v19.12) - https:\/\/yoast.com\/wordpress\/plugins\/seo\/ -->\n<title>ALICATE ELECTRICISTA UNIVERSAL 8.5&quot; MULTIFUNCIONAL HOTECHE | Herramientas por mayor<\/title>\n<meta name=\"robots\" content=\"index, follow, max-snippet:-1, max-image-preview:large, max-video-preview:-1\" \/>\n<link rel=\"canonical\" href=\"https:\/\/herramientaspormayor.cl\/index.php\/product\/alicate-electricista-universal-8-5-multifuncional-hoteche\/\" \/>\n<meta property=\"og:locale\" content=\"es_ES\" \/>\n<meta property=\"og:type\" content=\"article\" \/>\n<meta property=\"og:title\" content=\"ALICATE ELECTRICISTA UNIVERSAL 8.5&quot; MULTIFUNCIONAL HOTECHE\" \/>\n<meta property=\"og:description\" content=\"Alicates de acero exc\u00e9ntricos de grado industrial que ahorran mano de obra, fabricados en acero al cromo vanadio, con bordes\" \/>\n<meta property=\"og:url\" content=\"https:\/\/herramientaspormayor.cl\/index.php\/product\/alicate-electricista-universal-8-5-multifuncional-hoteche\/\" \/>\n<meta property=\"og:site_name\" content=\"Herramientas por mayor\" \/>\n<meta property=\"article:modified_time\" content=\"2024-09-16T15:02:20+00:00\" \/>\n<meta property=\"og:image\" content=\"https:\/\/herramientaspormayor.cl\/wp-content\/uploads\/2024\/09\/100910.jpg\" \/>\n\t<meta property=\"og:image:width\" content=\"875\" \/>\n\t<meta property=\"og:image:height\" content=\"870\" \/>\n\t<meta property=\"og:image:type\" content=\"image\/jpeg\" \/>\n<meta name=\"twitter:card\" content=\"summary_large_image\" \/>\n<meta name=\"twitter:label1\" content=\"Tiempo de lectura\" \/>\n\t<meta name=\"twitter:data1\" content=\"1 minuto\" \/>\n<script type=\"application\/ld+json\" class=\"yoast-schema-graph\">{\"@context\":\"https:\/\/schema.org\",\"@graph\":[{\"@type\":\"WebPage\",\"@id\":\"https:\/\/herramientaspormayor.cl\/index.php\/product\/alicate-electricista-universal-8-5-multifuncional-hoteche\/\",\"url\":\"https:\/\/herramientaspormayor.cl\/index.php\/product\/alicate-electricista-universal-8-5-multifuncional-hoteche\/\",\"name\":\"ALICATE ELECTRICISTA UNIVERSAL 8.5\\\" MULTIFUNCIONAL HOTECHE | Herramientas por mayor\",\"isPartOf\":{\"@id\":\"https:\/\/herramientaspormayor.cl\/#website\"},\"datePublished\":\"2024-09-15T16:35:32+00:00\",\"dateModified\":\"2024-09-16T15:02:20+00:00\",\"breadcrumb\":{\"@id\":\"https:\/\/herramientaspormayor.cl\/index.php\/product\/alicate-electricista-universal-8-5-multifuncional-hoteche\/#breadcrumb\"},\"inLanguage\":\"es\",\"potentialAction\":[{\"@type\":\"ReadAction\",\"target\":[\"https:\/\/herramientaspormayor.cl\/index.php\/product\/alicate-electricista-universal-8-5-multifuncional-hoteche\/\"]}]},{\"@type\":\"BreadcrumbList\",\"@id\":\"https:\/\/herramientaspormayor.cl\/index.php\/product\/alicate-electricista-universal-8-5-multifuncional-hoteche\/#breadcrumb\",\"itemListElement\":[{\"@type\":\"ListItem\",\"position\":1,\"name\":\"Home\",\"item\":\"https:\/\/herramientaspormayor.cl\/\"},{\"@type\":\"ListItem\",\"position\":2,\"name\":\"Tienda\",\"item\":\"https:\/\/herramientaspormayor.cl\/index.php\/shop-default\/\"},{\"@type\":\"ListItem\",\"position\":3,\"name\":\"ALICATE ELECTRICISTA UNIVERSAL 8.5&#8243; MULTIFUNCIONAL HOTECHE\"}]},{\"@type\":\"WebSite\",\"@id\":\"https:\/\/herramientaspormayor.cl\/#website\",\"url\":\"https:\/\/herramientaspormayor.cl\/\",\"name\":\"Herramientas por mayor\",\"description\":\"Proveedores de herramientas por mayor en chile.\",\"publisher\":{\"@id\":\"https:\/\/herramientaspormayor.cl\/#organization\"},\"alternateName\":\"Ferreter\u00eda por mayor\",\"potentialAction\":[{\"@type\":\"SearchAction\",\"target\":{\"@type\":\"EntryPoint\",\"urlTemplate\":\"https:\/\/herramientaspormayor.cl\/?s={search_term_string}\"},\"query-input\":\"required name=search_term_string\"}],\"inLanguage\":\"es\"},{\"@type\":\"Organization\",\"@id\":\"https:\/\/herramientaspormayor.cl\/#organization\",\"name\":\"Herramientas por mayor\",\"url\":\"https:\/\/herramientaspormayor.cl\/\",\"logo\":{\"@type\":\"ImageObject\",\"inLanguage\":\"es\",\"@id\":\"https:\/\/herramientaspormayor.cl\/#\/schema\/logo\/image\/\",\"url\":\"https:\/\/herramientaspormayor.cl\/wp-content\/uploads\/2023\/01\/Logo-proind-1.jpg\",\"contentUrl\":\"https:\/\/herramientaspormayor.cl\/wp-content\/uploads\/2023\/01\/Logo-proind-1.jpg\",\"width\":400,\"height\":180,\"caption\":\"Herramientas por mayor\"},\"image\":{\"@id\":\"https:\/\/herramientaspormayor.cl\/#\/schema\/logo\/image\/\"}}]}<\/script>\n<!-- \/ Yoast SEO Premium plugin. -->","yoast_head_json":{"title":"ALICATE ELECTRICISTA UNIVERSAL 8.5\" MULTIFUNCIONAL HOTECHE | Herramientas por mayor","robots":{"index":"index","follow":"follow","max-snippet":"max-snippet:-1","max-image-preview":"max-image-preview:large","max-video-preview":"max-video-preview:-1"},"canonical":"https:\/\/herramientaspormayor.cl\/index.php\/product\/alicate-electricista-universal-8-5-multifuncional-hoteche\/","og_locale":"es_ES","og_type":"article","og_title":"ALICATE ELECTRICISTA UNIVERSAL 8.5\" MULTIFUNCIONAL HOTECHE","og_description":"Alicates de acero exc\u00e9ntricos de grado industrial que ahorran mano de obra, fabricados en acero al cromo vanadio, con bordes","og_url":"https:\/\/herramientaspormayor.cl\/index.php\/product\/alicate-electricista-universal-8-5-multifuncional-hoteche\/","og_site_name":"Herramientas por mayor","article_modified_time":"2024-09-16T15:02:20+00:00","og_image":[{"width":875,"height":870,"url":"https:\/\/herramientaspormayor.cl\/wp-content\/uploads\/2024\/09\/100910.jpg","type":"image\/jpeg"}],"twitter_card":"summary_large_image","twitter_misc":{"Tiempo de lectura":"1 minuto"},"schema":{"@context":"https:\/\/schema.org","@graph":[{"@type":"WebPage","@id":"https:\/\/herramientaspormayor.cl\/index.php\/product\/alicate-electricista-universal-8-5-multifuncional-hoteche\/","url":"https:\/\/herramientaspormayor.cl\/index.php\/product\/alicate-electricista-universal-8-5-multifuncional-hoteche\/","name":"ALICATE ELECTRICISTA UNIVERSAL 8.5\" MULTIFUNCIONAL HOTECHE | Herramientas por mayor","isPartOf":{"@id":"https:\/\/herramientaspormayor.cl\/#website"},"datePublished":"2024-09-15T16:35:32+00:00","dateModified":"2024-09-16T15:02:20+00:00","breadcrumb":{"@id":"https:\/\/herramientaspormayor.cl\/index.php\/product\/alicate-electricista-universal-8-5-multifuncional-hoteche\/#breadcrumb"},"inLanguage":"es","potentialAction":[{"@type":"ReadAction","target":["https:\/\/herramientaspormayor.cl\/index.php\/product\/alicate-electricista-universal-8-5-multifuncional-hoteche\/"]}]},{"@type":"BreadcrumbList","@id":"https:\/\/herramientaspormayor.cl\/index.php\/product\/alicate-electricista-universal-8-5-multifuncional-hoteche\/#breadcrumb","itemListElement":[{"@type":"ListItem","position":1,"name":"Home","item":"https:\/\/herramientaspormayor.cl\/"},{"@type":"ListItem","position":2,"name":"Tienda","item":"https:\/\/herramientaspormayor.cl\/index.php\/shop-default\/"},{"@type":"ListItem","position":3,"name":"ALICATE ELECTRICISTA UNIVERSAL 8.5&#8243; MULTIFUNCIONAL HOTECHE"}]},{"@type":"WebSite","@id":"https:\/\/herramientaspormayor.cl\/#website","url":"https:\/\/herramientaspormayor.cl\/","name":"Herramientas por mayor","description":"Proveedores de herramientas por mayor en chile.","publisher":{"@id":"https:\/\/herramientaspormayor.cl\/#organization"},"alternateName":"Ferreter\u00eda por mayor","potentialAction":[{"@type":"SearchAction","target":{"@type":"EntryPoint","urlTemplate":"https:\/\/herramientaspormayor.cl\/?s={search_term_string}"},"query-input":"required name=search_term_string"}],"inLanguage":"es"},{"@type":"Organization","@id":"https:\/\/herramientaspormayor.cl\/#organization","name":"Herramientas por mayor","url":"https:\/\/herramientaspormayor.cl\/","logo":{"@type":"ImageObject","inLanguage":"es","@id":"https:\/\/herramientaspormayor.cl\/#\/schema\/logo\/image\/","url":"https:\/\/herramientaspormayor.cl\/wp-content\/uploads\/2023\/01\/Logo-proind-1.jpg","contentUrl":"https:\/\/herramientaspormayor.cl\/wp-content\/uploads\/2023\/01\/Logo-proind-1.jpg","width":400,"height":180,"caption":"Herramientas por mayor"},"image":{"@id":"https:\/\/herramientaspormayor.cl\/#\/schema\/logo\/image\/"}}]}},"_links":{"self":[{"href":"https:\/\/herramientaspormayor.cl\/index.php\/wp-json\/wp\/v2\/product\/54500"}],"collection":[{"href":"https:\/\/herramientaspormayor.cl\/index.php\/wp-json\/wp\/v2\/product"}],"about":[{"href":"https:\/\/herramientaspormayor.cl\/index.php\/wp-json\/wp\/v2\/types\/product"}],"replies":[{"embeddable":true,"href":"https:\/\/herramientaspormayor.cl\/index.php\/wp-json\/wp\/v2\/comments?post=54500"}],"version-history":[{"count":2,"href":"https:\/\/herramientaspormayor.cl\/index.php\/wp-json\/wp\/v2\/product\/54500\/revisions"}],"predecessor-version":[{"id":54569,"href":"https:\/\/herramientaspormayor.cl\/index.php\/wp-json\/wp\/v2\/product\/54500\/revisions\/54569"}],"wp:featuredmedia":[{"embeddable":true,"href":"https:\/\/herramientaspormayor.cl\/index.php\/wp-json\/wp\/v2\/media\/54501"}],"wp:attachment":[{"href":"https:\/\/herramientaspormayor.cl\/index.php\/wp-json\/wp\/v2\/media?parent=54500"}],"wp:term":[{"taxonomy":"product_cat","embeddable":true,"href":"https:\/\/herramientaspormayor.cl\/index.php\/wp-json\/wp\/v2\/product_cat?post=54500"},{"taxonomy":"product_tag","embeddable":true,"href":"https:\/\/herramientaspormayor.cl\/index.php\/wp-json\/wp\/v2\/product_tag?post=54500"}],"curies":[{"name":"wp","href":"https:\/\/api.w.org\/{rel}","templated":true}]}}